{"id":7781,"date":"2025-05-14T15:18:19","date_gmt":"2025-05-14T12:18:19","guid":{"rendered":"https:\/\/visitahtari.fi\/tiedotteet-medialle\/"},"modified":"2025-06-10T13:56:37","modified_gmt":"2025-06-10T10:56:37","slug":"tiedotteet-medialle","status":"publish","type":"page","link":"https:\/\/visitahtari.fi\/sv\/tiedotteet-medialle\/","title":{"rendered":"Tiedotteet | Medialle"},"content":{"rendered":"<div class=\"wpb-content-wrapper\"><p>[vc_row css_animation=&#8221;&#8221; row_type=&#8221;row&#8221; use_row_as_full_screen_section=&#8221;no&#8221; type=&#8221;full_width&#8221; angled_section=&#8221;no&#8221; text_align=&#8221;left&#8221; background_image_as_pattern=&#8221;without_pattern&#8221;][vc_column css=&#8221;.vc_custom_1584329305595{margin-top: -26px !important;}&#8221;]\t\t\t<script src=\"\/\/visitahtari.fi\/wp-content\/plugins\/revslider\/sr6\/assets\/js\/rbtools.min.js?rev=6.7.14\"><\/script>\n\t\t\t<script src=\"\/\/visitahtari.fi\/wp-content\/plugins\/revslider\/sr6\/assets\/js\/rs6.min.js?rev=6.7.14\"><\/script>\n\n\t\t\t<!-- START Yritys REVOLUTION SLIDER 6.7.14 --><p class=\"rs-p-wp-fix\"><\/p>\n\t\t\t<rs-module-wrap id=\"rev_slider_2_1_wrapper\" data-source=\"gallery\" style=\"visibility:hidden;background:transparent;padding:0;margin:0px auto;margin-top:0;margin-bottom:0;\">\n\t\t\t\t<rs-module id=\"rev_slider_2_1\" style=\"\" data-version=\"6.7.14\">\n\t\t\t\t\t<rs-slides style=\"overflow: hidden; position: absolute;\">\n\t\t\t\t\t\t<rs-slide style=\"position: absolute;\" data-key=\"rs-7\" data-title=\"Slide\" data-anim=\"ms:300;\" data-in=\"x:100%;\">\n\t\t\t\t\t\t\t<img decoding=\"async\" src=\"\/\/visitahtari.fi\/wp-content\/plugins\/revslider\/sr6\/assets\/assets\/dummy.png\" alt=\"Saukko\" title=\"saukko syksyisess\u00e4 ymp\u00e4rist\u00f6ss\u00e4\" width=\"2560\" height=\"1920\" class=\"rev-slidebg tp-rs-img rs-lazyload\" data-lazyload=\"\/\/visitahtari.fi\/wp-content\/uploads\/2020\/09\/Zoosyys-53381-scaled.jpg\" data-parallax=\"off\" data-panzoom=\"d:8000;ss:100;se:110;\" data-no-retina>\n<!--\n\t\t\t\t\t\t\t--><h2\n\t\t\t\t\t\t\t\tid=\"slider-2-slide-7-layer-1\" \n\t\t\t\t\t\t\t\tclass=\"rs-layer rs-selectable\"\n\t\t\t\t\t\t\t\tdata-type=\"text\"\n\t\t\t\t\t\t\t\tdata-color=\"#ffffff\"\n\t\t\t\t\t\t\t\tdata-rsp_ch=\"on\"\n\t\t\t\t\t\t\t\tdata-xy=\"x:c;y:c;yo:15px;\"\n\t\t\t\t\t\t\t\tdata-text=\"w:normal;s:62;l:62;ls:-1px;fw:700;a:center;\"\n\t\t\t\t\t\t\t\tdata-dim=\"w:600px;\"\n\t\t\t\t\t\t\t\tdata-frame_1=\"sR:10;\"\n\t\t\t\t\t\t\t\tdata-frame_999=\"o:0;st:w;sR:8690;\"\n\t\t\t\t\t\t\t\tstyle=\"z-index:5;font-family:'Josefin Sans';text-shadow:1px 1px 2px rgba(0,0,0,.4);\"\n\t\t\t\t\t\t\t>Yritys \n\t\t\t\t\t\t\t<\/h2><!--\n-->\t\t\t\t\t<\/rs-slide>\n\t\t\t\t\t<\/rs-slides>\n\t\t\t\t<\/rs-module>\n\t\t\t\t<script>\n\t\t\t\t\tsetREVStartSize({c: 'rev_slider_2_1',rl:[1240,1024,778,480],el:[380],gw:[1240],gh:[380],type:'hero',justify:'',layout:'fullwidth',mh:\"0\"});if (window.RS_MODULES!==undefined && window.RS_MODULES.modules!==undefined && window.RS_MODULES.modules[\"revslider21\"]!==undefined) {window.RS_MODULES.modules[\"revslider21\"].once = false;window.revapi2 = undefined;if (window.RS_MODULES.checkMinimal!==undefined) window.RS_MODULES.checkMinimal()}\n\t\t\t\t<\/script>\n\t\t\t<\/rs-module-wrap>\n\t\t\t<!-- END REVOLUTION SLIDER -->\n[\/vc_column][\/vc_row][vc_row css_animation=&#8221;&#8221; row_type=&#8221;row&#8221; use_row_as_full_screen_section=&#8221;no&#8221; type=&#8221;full_width&#8221; angled_section=&#8221;no&#8221; text_align=&#8221;left&#8221; background_image_as_pattern=&#8221;without_pattern&#8221; css=&#8221;.vc_custom_1589284439272{padding-bottom: 6% !important;}&#8221; z_index=&#8221;&#8221;][vc_column width=&#8221;2\/3&#8243; offset=&#8221;vc_col-lg-offset-2&#8243;][vc_empty_space height=&#8221;10px&#8221;][vc_column_text css=&#8221;&#8221;]<\/p>\n<h1 style=\"text-align: left;\"><strong>\u00c4ht\u00e4rin matkailu Oy | Visit \u00c4ht\u00e4ri<\/strong><\/h1>\n<p>Julkaisuvapaat tiedotteet.<\/p>\n<p>Lis\u00e4tiedot: info@visitahtari.fi tai\u00a0 0405003933, arkisin klo 9-15.[\/vc_column_text][vc_empty_space height=&#8221;10px&#8221;][vc_column_text css=&#8221;&#8221;]<\/p>\n<h2><strong>TIEDOTE 10.6.2025<\/strong><\/h2>\n<p>UkkoHiisi Resort Oy<br \/>\n\u00c4ht\u00e4rin matkailu Oy | Visit \u00c4ht\u00e4ri<\/p>\n<p>Tiedote 10.6.2025<\/p>\n<p>Julkaisuvapaa heti<\/p>\n<p><strong>Karhunp\u00e4iv\u00e4n juhla yhdist\u00e4\u00e4 luonnon, kulttuurin ja mytologian 13.7.2025 Tervossa<\/strong><\/p>\n<p>Toista kertaa j\u00e4rjestett\u00e4v\u00e4 Karhunp\u00e4iv\u00e4n juhla kutsuu k\u00e4vij\u00e4t Tervon UkkoHiiteen juhlistamaan karhun symbolista merkityst\u00e4 it\u00e4merensuomalaisessa kulttuuriperinteess\u00e4. Juhlap\u00e4iv\u00e4 kokoaa yhteen puhujia, taiteilijoita ja esiintyji\u00e4 luonnon, mytologian ja yhteis\u00f6llisyyden teemojen \u00e4\u00e4relle.<\/p>\n<p>Tapahtuma tarjoaa ainutlaatuisen yhdistelm\u00e4n paneelikeskusteluja, musiikkia, taiden\u00e4yttelyit\u00e4 ja el\u00e4myksellist\u00e4 l\u00e4hiruokaa. Paneelikeskustelussa kuullaan asiantuntijapuheenvuoroja muun muassa \u00c4ht\u00e4rin el\u00e4inpuiston intendentti Marko Haapakoskelta, Mikko Keinoselta (Hein\u00e4veden muinaisseura ry) sek\u00e4 shamaani Seppo Laaksoselta. Yleis\u00f6lt\u00e4, erityisesti lapsilta toivotaan karhuun liittyvi\u00e4 kysymyksi\u00e4.<\/p>\n<p>Marko Haapakoski: \u201dN\u00e4in biologina odotan kiinnostuneena, mink\u00e4laista n\u00e4k\u00f6kulmaa muilla panelisteilla on esitt\u00e4\u00e4 karhun mytologisesta perinteest\u00e4.\u201d<\/p>\n<p>Seppo Laaksonen: \u201dNiin Marko, tiesitk\u00f6 ett\u00e4 karhun nime\u00e4 ei ole saanut lausua ja sille on olemassa yli sata kiertoilmaisua suomen kieless\u00e4?\u201d<\/p>\n<p>Perheen pienimmille on tarjolla monipuolista tekemist\u00e4 ja lasten oma luontopiste. Tapahtuman ruokapuolesta vastaa huippukokki Aki Hiltunen.<\/p>\n<p>Tapahtuman j\u00e4rjest\u00e4v\u00e4t yhteisty\u00f6ss\u00e4 UkkoHiisi ja Visit \u00c4ht\u00e4ri. P\u00e4iv\u00e4n ohjelma on suunniteltu palvelemaan sek\u00e4 yksitt\u00e4isi\u00e4 k\u00e4vij\u00f6it\u00e4 ett\u00e4 ryhmi\u00e4.<\/p>\n<p><strong>Karhunp\u00e4iv\u00e4n juhla 13.7.2025 klo 12\u201319 | UkkoHiisi, Tervo<\/strong><\/p>\n<p>Lis\u00e4tiedot ja liput: <a href=\"https:\/\/visitahtari.fi\/sv\/bjorndagens-firande-den-13-juli-2025-pa-ukkohiisi-i-tervo-till-ara-for-skogens-konung\/\">https:\/\/visitahtari.fi\/karhunpaivan-juhla-13-7-2025-ukkohiidessa-tervossa\/<\/a><\/p>\n<p><strong>Yhteystiedot medialle ja lis\u00e4tiedustelut:<\/strong><\/p>\n<p>\u00c4ht\u00e4rin matkailu Oy | Visit \u00c4ht\u00e4ri, Annu Raivio, markkinointip\u00e4\u00e4llikk\u00f6, info@visitahtari.fi, 0405003933<\/p>\n<p>UkkoHiisi Resort Oy, Markku Komppula, yhteisty\u00f6koordinaattori, info@ukkohiisiresort.com, 0407335848[\/vc_column_text][vc_empty_space height=&#8221;10px&#8221;][vc_column_text css=&#8221;&#8221;]<\/p>\n<h2><strong>TIEDOTE 14.5.2025<\/strong><\/h2>\n<p>\u00c4ht\u00e4rin el\u00e4inpuisto Oy<br \/>\nUkkoHiisi Resort Oy<br \/>\n\u00c4ht\u00e4rin matkailu Oy | Visit \u00c4ht\u00e4ri<\/p>\n<p><strong>\u00c4ht\u00e4rin el\u00e4inpuisto, UkkoHiisi ja Visit \u00c4ht\u00e4ri ovat aloittaneet yhteisty\u00f6n toukokuun alussa. Uudenlainen, maakuntarajat ylitt\u00e4v\u00e4, matkailullinen yhteisty\u00f6 Etel\u00e4-Pohjanmaan ja Pohjois-Savon v\u00e4lill\u00e4 pohjautuu karhuun faktan ja fiktion kautta. \u00a0<\/strong><\/p>\n<p><strong>Uudenlainen, maakuntarajat ylitt\u00e4v\u00e4, matkailullinen yhteisty\u00f6 Etel\u00e4-Pohjanmaan ja Pohjois-Savon v\u00e4lill\u00e4.<\/strong><br \/>\nYhteisty\u00f6 UkkoHiiden, \u00c4ht\u00e4rin El\u00e4inpuiston sek\u00e4 Visit \u00c4ht\u00e4rin kesken perustuu vahvaan n\u00e4kemykseen ja havaintoihin el\u00e4mysmatkailun sis\u00e4ll\u00f6ist\u00e4 sek\u00e4 maakuntarajat ylitt\u00e4v\u00e4n yhteisty\u00f6n t\u00e4rkeydest\u00e4. Sek\u00e4 UkkoHiiden ett\u00e4 \u00c4ht\u00e4rin El\u00e4inpuiston jo olemassa olevat puitteet tarjoavat erinomaisen mahdollisuuden kehitt\u00e4\u00e4 yhdess\u00e4 kansainv\u00e4lisi\u00e4kin vieraita kiinnostavia kokonaisuuksia.<\/p>\n<p>Alueitamme on aikanaan tultu asuttamaan mets\u00e4peuran jalanj\u00e4ljiss\u00e4 ja se on ollut elinehto, el\u00e4m\u00e4n tuoja. Karhu on vastaavasti ollut monin tavoin kunnioitettu ja hieman pel\u00e4ttykin mets\u00e4n kuningas. \u00c4ht\u00e4rin el\u00e4inpuistossa p\u00e4\u00e4set tutustumaan karhuihin sek\u00e4\u00a0uhanalaisiin mets\u00e4peuroihin. UkkoHiidess\u00e4 koet n\u00e4iden el\u00e4inten roolin it\u00e4merensuomalaisessa mytologiassa.<\/p>\n<p><strong>Melkein karhun kainalossa \u2013 koe karhujen kiehtova maailma turvallisesti sek\u00e4 \u00c4ht\u00e4riss\u00e4 ett\u00e4 Tervossa, Kuopion kupeessa.<\/strong><br \/>\nKeskitymme luomaan Suomen kansallisel\u00e4imen, karhun, ymp\u00e4rille ainutlaatuisia el\u00e4myksellisi\u00e4 kokonaisuuksia, joissa yhdistyv\u00e4t fakta ja fantasia. Yhteiset arvomme pohjautuvat Visit Finlandin kest\u00e4v\u00e4n matkailun periaatteisiin.<\/p>\n<p>Perinteik\u00e4s \u00c4ht\u00e4rin el\u00e4inpuisto profiloituu ruskeakarhun el\u00e4m\u00e4n esiintuomiseen tiukan tieteellisen faktan pohjalta, ja k\u00e4vij\u00e4t p\u00e4\u00e4sev\u00e4t tutustumaan karhujen arkeen turvallisesti opastettuna.<\/p>\n<p>UkkoHiisi tuo koettavaksi vahvan mytologisen voimael\u00e4imen ymp\u00e4rille vuosituhansien aikana muodostuneita rituaaleja, juhlia, pitoja ja esityksi\u00e4.\u00a0UkkoHiisi on kumppanina Kuopio-Tahko-yhteismarkkinoinnissa kotimaan matkailun osalta. Maakuntarajojen ylitt\u00e4v\u00e4n yhteisty\u00f6n tavoitteena on rakentaa kansainv\u00e4lisille ryhmille suunnattu\u00a0el\u00e4mystuotekokonaisuus, jonka tiimoilta on k\u00e4yty keskustelua Pohjois-Savon Matkailu Oy:n kanssa.<\/p>\n<p>Visit \u00c4ht\u00e4ri tuo kokonaisuuteen myynnin, markkinoinnin ja tuotteistamisen tuen sek\u00e4 kotimaisille, ett\u00e4 kansainv\u00e4lisille vieraille.<\/p>\n<p><strong>Tervetuloa seuraamaan\u00a0karhuveljesten arkea\u00a0\u00c4ht\u00e4riin ja tutustumaan Karhun kiehtovaan maailmaan koko perheen Karhunp\u00e4iv\u00e4n juhlassa.<\/strong> Tulevana kes\u00e4n\u00e4, mytologisen kalenterin Karhunp\u00e4iv\u00e4n\u00e4 13.7.2025, kutsumme kaikkia yhdess\u00e4 \u00c4ht\u00e4riin ja Tervon UkkoHiiteen kunnioittamaan Karhua ja nauttimaan vieraanvaraisuudesta. Tarkempi sis\u00e4lt\u00f6 ja ohjelma julkaistaan my\u00f6hemmin ja p\u00e4\u00e4syliput tulevat ostettavaksi Visit \u00c4ht\u00e4rin verkkokauppaan. Karhunp\u00e4iv\u00e4n el\u00e4mys on jatkossa toteutettavissa ryhmille tilauksesta ymp\u00e4ri vuoden.<\/p>\n<p><strong>UkkoHiisi<\/strong><\/p>\n<p>UkkoHiisi sijaitsee Pohjois-Savossa, keskell\u00e4 Suomea, Tervossa villin Huuhtajankosken ja puhdasvetisen Nilakka-j\u00e4rven v\u00e4lisess\u00e4 Koskiniemess\u00e4. Kansallista perinnerakentamista kunnioittaen sek\u00e4 nykyaikaista puutaidetta ja innovatiivista valotekniikkaa hy\u00f6dynt\u00e4en alueelle on 2023 valmistunut ainutlaatuinen ja mytologinen, maailman suurin UkkoHiisi-el\u00e4mys- ja tapahtumalaavu.<\/p>\n<p>Yrityksemme palvelut ja toiminta pohjautuvat alueen vuosituhantisiin perinteisiin sek\u00e4 kansalliseen, it\u00e4merensuomalaiseen mytologiaan. Virtaava vesi, suuri j\u00e4rvi sek\u00e4 ymp\u00e4r\u00f6iv\u00e4t mets\u00e4t antimineen ovat tarjonneet toimeentulon ja el\u00e4misen edellytykset menneille sukupolville. N\u00e4ist\u00e4 elementeist\u00e4 syntyv\u00e4t sis\u00e4ll\u00f6t luonnossa tapahtuviin ohjattuihin aktiviteetteihin, retkiin, ihmisten kokoontumisiin ja erilaisiin tapahtumiin sek\u00e4 hyv\u00e4\u00e4n ruokaan ja pitoihin. Alueella sijaitsevat hiilimiilut sek\u00e4 muut merkit esihistoriallisesta asutuksesta tuovat esiin alueen rikasta ja mystist\u00e4 menneisyytt\u00e4.<\/p>\n<p>El\u00e4myslaavun v\u00e4litt\u00f6m\u00e4\u00e4n yhteyteen on rakennettu tapahtumakentt\u00e4, kiinte\u00e4 esiintymislava sek\u00e4 savolaisten onnistujien kunniapylv\u00e4\u00e4t. Ensimm\u00e4isen\u00e4 kunnian sai itseoikeutetusti Minna Canth, Taistelevat metsot -taulun maalannut Ferdinand von Wright julkistettiin samaan aikaan. Kokonaisuuden on suunnitellut ja toteuttanut muotoilija, toimitusjohtaja Jouni Lehmonen Jukola Industries Oy:st\u00e4.<\/p>\n<p>UkkoHiisi on upeiden tapahtumien uusi kotipes\u00e4, mutta my\u00f6s mielentila: upea ymp\u00e4rist\u00f6 ja jykev\u00e4t perinnerakenteet sek\u00e4 it\u00e4merensuomalainen identiteetti ovat jo inspiroineet kuvataiteilijoita, esitt\u00e4v\u00e4n taiteen harjoittajia teatterista metallib\u00e4ndiin, korutaiteilijoita, kalastajia, mets\u00e4st\u00e4ji\u00e4, luontokuvaajia ja rummuntekij\u00f6it\u00e4.<\/p>\n<p><strong>\u00c4ht\u00e4rin el\u00e4inpuisto ja matkailualueen tarjonta<\/strong><br \/>\n\u00c4ht\u00e4rin sijainti upean luonnon ja j\u00e4rvien ymp\u00e4r\u00f6im\u00e4n\u00e4 tarjoaa el\u00e4mykselliset puitteet sek\u00e4 runsaasti tekemist\u00e4 ja n\u00e4ht\u00e4v\u00e4\u00e4 ymp\u00e4ri vuoden niin perheille, luonnonyst\u00e4ville kuin liikematkailijoillekin.<\/p>\n<p>\u00c4ht\u00e4rin tunnetuimpia kohteita ovat \u00c4ht\u00e4rin el\u00e4inpuisto, joka on Suomen vanhin luonnonmukainen el\u00e4inpuisto, sek\u00e4 Hotelli Mesik\u00e4mmen, jonka huikean arkkitehtuurin n\u00e4ytt\u00e4vine kalliok\u00e4yt\u00e4vineen ovat suunnitelleet arkkitehtiveljekset Timo ja Tuomo Suomalainen.<\/p>\n<p>El\u00e4myksellisen y\u00f6pymisen voit kokea Villa Ursuksessa, josta voit seurata ruskeakarhujen el\u00e4m\u00e4\u00e4. El\u00e4inpuistoon on my\u00f6s alkukes\u00e4st\u00e4 2025 saapumassa\u00a0uusia tulokkaita, silm\u00e4lasikarhuja.<\/p>\n<p>Matkailualueen keskeiselt\u00e4 paikalta l\u00f6ytyv\u00e4t lis\u00e4ksi \u00c4ht\u00e4rin el\u00e4inpuiston Farmi, uusi uimahalli Loiske \u00c4ht\u00e4ri, \u00c4ht\u00e4rin keilahalli, kiipeilypuisto Flowpark, leirint\u00e4alue, Saunaravintola Kiulu sek\u00e4 monet erilaiset majoituskohteet, joista p\u00e4\u00e4see hetkess\u00e4 luonnon rauhaan. \u00c4ht\u00e4rin upeaan j\u00e4rviluontoon ja harjumaisemiin voi tutustua \u00c4ht\u00e4rin keskustasta sek\u00e4 Matkailualueelta l\u00e4htevill\u00e4 erilaisilla ulkoilureiteill\u00e4, mm. Mustikkavuori, Kierinniemi, Ohrakoski sek\u00e4 Arpaisten ja V\u00e4liveden reitit. Luonnosta p\u00e4\u00e4set nauttimaan my\u00f6s golfin parissa pelaten, sill\u00e4 \u00c4ht\u00e4rin Golf on yksi Suomen kauneimmista pelikentist\u00e4!<\/p>\n<p><strong>Lis\u00e4tiedot:<\/strong><br \/>\n\u00c4ht\u00e4rin el\u00e4inpuisto Oy, Arja V\u00e4liaho, toimitusjohtaja, <a href=\"mailto:arja.valiaho@ahtarizoo.fi\">arja.valiaho@ahtarizoo.fi,<\/a> 0405748120<br \/>\nUkkoHiisi Resort Oy, Markku Komppula, yhteisty\u00f6koordinaattori, <a href=\"mailto:info@ukkohiisiresort.com\">info@ukkohiisiresort.com<\/a>, 0407335848<br \/>\n\u00c4ht\u00e4rin matkailu Oy | Visit \u00c4ht\u00e4ri, Annu Raivio, markkinointip\u00e4\u00e4llikk\u00f6 <a href=\"mailto:info@visitahtari.fi\">info@visitahtari.fi<\/a>, 0405003933<\/p>\n<p>Kuvat:<br \/>\n&#8211; Karhun kuva. Kuvaaja Jouni Lehmonen<br \/>\n&#8211; Suomen suurimman el\u00e4myslaavun kuvat: UkkoHiisi[\/vc_column_text][vc_single_image image=&#8221;7764&#8243; img_size=&#8221;medium&#8221; css=&#8221;&#8221; qode_css_animation=&#8221;&#8221;][vc_empty_space height=&#8221;10px&#8221;][vc_single_image image=&#8221;7770&#8243; img_size=&#8221;medium&#8221; css=&#8221;&#8221; qode_css_animation=&#8221;&#8221;][vc_empty_space height=&#8221;10px&#8221;][vc_single_image image=&#8221;7773&#8243; img_size=&#8221;medium&#8221; css=&#8221;&#8221; qode_css_animation=&#8221;&#8221;][vc_empty_space height=&#8221;10px&#8221;][vc_single_image image=&#8221;7767&#8243; img_size=&#8221;medium&#8221; css=&#8221;&#8221; qode_css_animation=&#8221;&#8221;][vc_empty_space height=&#8221;10px&#8221;][vc_single_image image=&#8221;7776&#8243; img_size=&#8221;medium&#8221; css=&#8221;&#8221; qode_css_animation=&#8221;&#8221;][vc_empty_space height=&#8221;10px&#8221;][\/vc_column][vc_column][\/vc_column][\/vc_row][vc_row css_animation=&#8221;&#8221; row_type=&#8221;row&#8221; use_row_as_full_screen_section=&#8221;no&#8221; type=&#8221;full_width&#8221; angled_section=&#8221;no&#8221; text_align=&#8221;left&#8221; background_image_as_pattern=&#8221;without_pattern&#8221; css=&#8221;.vc_custom_1589284439272{padding-bottom: 6% !important;}&#8221; z_index=&#8221;&#8221;][vc_column width=&#8221;2\/3&#8243; offset=&#8221;vc_col-lg-offset-2&#8243;][vc_empty_space height=&#8221;10px&#8221;][vc_column_text css=&#8221;&#8221;]<\/p>\n<h2>4.6.2025 \u00c4ht\u00e4rin matkailulehti on ilmestynyt -lue my\u00f6s digin\u00e4 &#8211; Koe monimuotoinen \u00c4ht\u00e4ri ymp\u00e4ri vuoden!<\/h2>\n<p><a href=\"https:\/\/www.yumpu.com\/fi\/document\/view\/70264153\/ahtarin-matkailulehti-koe-monimuotoinen-ahtari-ympari-vuoden\"><img loading=\"lazy\" decoding=\"async\" class=\"alignleft\" src=\"https:\/\/visitahtari.fi\/wp-content\/uploads\/2025\/03\/Ahtarin-matkailulehti-kansi.png\" alt=\"\u00c4ht\u00e4rin matkailulehti luettavissa my\u00f6s digilehten\u00e4. P\u00e4\u00e4kuvassa lumileopardi.\" width=\"500\" height=\"665\" \/><\/a>[\/vc_column_text][\/vc_column][vc_column][\/vc_column][\/vc_row]<\/p>\n<\/div>","protected":false},"excerpt":{"rendered":"<p>[vc_row css_animation=&#8221;&#8221; row_type=&#8221;row&#8221; use_row_as_full_screen_section=&#8221;no&#8221; type=&#8221;full_width&#8221; angled_section=&#8221;no&#8221; text_align=&#8221;left&#8221; background_image_as_pattern=&#8221;without_pattern&#8221;][vc_column css=&#8221;.vc_custom_1584329305595{margin-top: -26px !important;}&#8221;][\/vc_column][\/vc_row][vc_row css_animation=&#8221;&#8221; row_type=&#8221;row&#8221; use_row_as_full_screen_section=&#8221;no&#8221; type=&#8221;full_width&#8221; angled_section=&#8221;no&#8221; text_align=&#8221;left&#8221; background_image_as_pattern=&#8221;without_pattern&#8221; css=&#8221;.vc_custom_1589284439272{padding-bottom: 6% !important;}&#8221; z_index=&#8221;&#8221;][vc_column width=&#8221;2\/3&#8243; offset=&#8221;vc_col-lg-offset-2&#8243;][vc_empty_space height=&#8221;10px&#8221;][vc_column_text css=&#8221;&#8221;] \u00c4ht\u00e4rin matkailu Oy | Visit \u00c4ht\u00e4ri Julkaisuvapaat tiedotteet. Lis\u00e4tiedot: info@visitahtari.fi tai\u00a0 0405003933, arkisin klo 9-15.[\/vc_column_text][vc_empty_space height=&#8221;10px&#8221;][vc_column_text css=&#8221;&#8221;] TIEDOTE 10.6.2025&#8230;<\/p>\n","protected":false},"author":19,"featured_media":0,"parent":0,"menu_order":0,"comment_status":"closed","ping_status":"closed","template":"","meta":{"footnotes":""},"class_list":["post-7781","page","type-page","status-publish","hentry"],"yoast_head":"<!-- This site is optimized with the Yoast SEO plugin v27.4 - https:\/\/yoast.com\/product\/yoast-seo-wordpress\/ -->\n<title>Tiedotteet | Medialle - Visit \u00c4ht\u00e4ri<\/title>\n<meta name=\"description\" content=\"Tiedotteet medialle.\" \/>\n<meta name=\"robots\" content=\"index, follow, max-snippet:-1, max-image-preview:large, max-video-preview:-1\" \/>\n<link rel=\"canonical\" href=\"https:\/\/visitahtari.fi\/sv\/tiedotteet-medialle\/\" \/>\n<meta property=\"og:locale\" content=\"sv_SE\" \/>\n<meta property=\"og:type\" content=\"article\" \/>\n<meta property=\"og:title\" content=\"\u00c4ht\u00e4rin matkailulehti\" \/>\n<meta property=\"og:description\" content=\"Tutustu \u00c4ht\u00e4rin matkailulehteen my\u00f6s digin\u00e4 - Koe monimuotoinen \u00c4ht\u00e4ri ymp\u00e4ri vuoden!\" \/>\n<meta property=\"og:url\" content=\"https:\/\/visitahtari.fi\/sv\/tiedotteet-medialle\/\" \/>\n<meta property=\"og:site_name\" content=\"Visit \u00c4ht\u00e4ri\" \/>\n<meta property=\"article:modified_time\" content=\"2025-06-10T10:56:37+00:00\" \/>\n<meta property=\"og:image\" content=\"https:\/\/visitahtari.fi\/wp-content\/uploads\/2024\/11\/visitahtariteksti.png\" \/>\n\t<meta property=\"og:image:width\" content=\"434\" \/>\n\t<meta property=\"og:image:height\" content=\"353\" \/>\n\t<meta property=\"og:image:type\" content=\"image\/png\" \/>\n<meta name=\"twitter:card\" content=\"summary_large_image\" \/>\n<meta name=\"twitter:label1\" content=\"Ber\u00e4knad l\u00e4stid\" \/>\n\t<meta name=\"twitter:data1\" content=\"6 minuter\" \/>\n<script type=\"application\/ld+json\" class=\"yoast-schema-graph\">{\"@context\":\"https:\\\/\\\/schema.org\",\"@graph\":[{\"@type\":\"WebPage\",\"@id\":\"https:\\\/\\\/visitahtari.fi\\\/sv\\\/tiedotteet-medialle\\\/\",\"url\":\"https:\\\/\\\/visitahtari.fi\\\/sv\\\/tiedotteet-medialle\\\/\",\"name\":\"Tiedotteet | Medialle - Visit \u00c4ht\u00e4ri\",\"isPartOf\":{\"@id\":\"https:\\\/\\\/visitahtari.fi\\\/#website\"},\"primaryImageOfPage\":{\"@id\":\"https:\\\/\\\/visitahtari.fi\\\/sv\\\/tiedotteet-medialle\\\/#primaryimage\"},\"image\":{\"@id\":\"https:\\\/\\\/visitahtari.fi\\\/sv\\\/tiedotteet-medialle\\\/#primaryimage\"},\"thumbnailUrl\":\"https:\\\/\\\/visitahtari.fi\\\/wp-content\\\/uploads\\\/2025\\\/03\\\/Ahtarin-matkailulehti-kansi.png\",\"datePublished\":\"2025-05-14T12:18:19+00:00\",\"dateModified\":\"2025-06-10T10:56:37+00:00\",\"description\":\"Tiedotteet medialle.\",\"breadcrumb\":{\"@id\":\"https:\\\/\\\/visitahtari.fi\\\/sv\\\/tiedotteet-medialle\\\/#breadcrumb\"},\"inLanguage\":\"sv-SE\",\"potentialAction\":[{\"@type\":\"ReadAction\",\"target\":[\"https:\\\/\\\/visitahtari.fi\\\/sv\\\/tiedotteet-medialle\\\/\"]}]},{\"@type\":\"ImageObject\",\"inLanguage\":\"sv-SE\",\"@id\":\"https:\\\/\\\/visitahtari.fi\\\/sv\\\/tiedotteet-medialle\\\/#primaryimage\",\"url\":\"https:\\\/\\\/visitahtari.fi\\\/wp-content\\\/uploads\\\/2025\\\/03\\\/Ahtarin-matkailulehti-kansi.png\",\"contentUrl\":\"https:\\\/\\\/visitahtari.fi\\\/wp-content\\\/uploads\\\/2025\\\/03\\\/Ahtarin-matkailulehti-kansi.png\"},{\"@type\":\"BreadcrumbList\",\"@id\":\"https:\\\/\\\/visitahtari.fi\\\/sv\\\/tiedotteet-medialle\\\/#breadcrumb\",\"itemListElement\":[{\"@type\":\"ListItem\",\"position\":1,\"name\":\"Home\",\"item\":\"https:\\\/\\\/visitahtari.fi\\\/sv\\\/\"},{\"@type\":\"ListItem\",\"position\":2,\"name\":\"Tiedotteet | Medialle\"}]},{\"@type\":\"WebSite\",\"@id\":\"https:\\\/\\\/visitahtari.fi\\\/#website\",\"url\":\"https:\\\/\\\/visitahtari.fi\\\/\",\"name\":\"Visit \u00c4ht\u00e4ri\",\"description\":\"\",\"publisher\":{\"@id\":\"https:\\\/\\\/visitahtari.fi\\\/#organization\"},\"potentialAction\":[{\"@type\":\"SearchAction\",\"target\":{\"@type\":\"EntryPoint\",\"urlTemplate\":\"https:\\\/\\\/visitahtari.fi\\\/?s={search_term_string}\"},\"query-input\":{\"@type\":\"PropertyValueSpecification\",\"valueRequired\":true,\"valueName\":\"search_term_string\"}}],\"inLanguage\":\"sv-SE\"},{\"@type\":\"Organization\",\"@id\":\"https:\\\/\\\/visitahtari.fi\\\/#organization\",\"name\":\"Visit \u00c4ht\u00e4ri\",\"url\":\"https:\\\/\\\/visitahtari.fi\\\/\",\"logo\":{\"@type\":\"ImageObject\",\"inLanguage\":\"sv-SE\",\"@id\":\"https:\\\/\\\/visitahtari.fi\\\/#\\\/schema\\\/logo\\\/image\\\/\",\"url\":\"https:\\\/\\\/visitahtari.fi\\\/wp-content\\\/uploads\\\/2023\\\/01\\\/visitahtari.png\",\"contentUrl\":\"https:\\\/\\\/visitahtari.fi\\\/wp-content\\\/uploads\\\/2023\\\/01\\\/visitahtari.png\",\"width\":1085,\"height\":527,\"caption\":\"Visit \u00c4ht\u00e4ri\"},\"image\":{\"@id\":\"https:\\\/\\\/visitahtari.fi\\\/#\\\/schema\\\/logo\\\/image\\\/\"}}]}<\/script>\n<!-- \/ Yoast SEO plugin. -->","yoast_head_json":{"title":"Tiedotteet | Medialle - Visit \u00c4ht\u00e4ri","description":"Tiedotteet medialle.","robots":{"index":"index","follow":"follow","max-snippet":"max-snippet:-1","max-image-preview":"max-image-preview:large","max-video-preview":"max-video-preview:-1"},"canonical":"https:\/\/visitahtari.fi\/sv\/tiedotteet-medialle\/","og_locale":"sv_SE","og_type":"article","og_title":"\u00c4ht\u00e4rin matkailulehti","og_description":"Tutustu \u00c4ht\u00e4rin matkailulehteen my\u00f6s digin\u00e4 - Koe monimuotoinen \u00c4ht\u00e4ri ymp\u00e4ri vuoden!","og_url":"https:\/\/visitahtari.fi\/sv\/tiedotteet-medialle\/","og_site_name":"Visit \u00c4ht\u00e4ri","article_modified_time":"2025-06-10T10:56:37+00:00","og_image":[{"width":434,"height":353,"url":"https:\/\/visitahtari.fi\/wp-content\/uploads\/2024\/11\/visitahtariteksti.png","type":"image\/png"}],"twitter_card":"summary_large_image","twitter_misc":{"Ber\u00e4knad l\u00e4stid":"6 minuter"},"schema":{"@context":"https:\/\/schema.org","@graph":[{"@type":"WebPage","@id":"https:\/\/visitahtari.fi\/sv\/tiedotteet-medialle\/","url":"https:\/\/visitahtari.fi\/sv\/tiedotteet-medialle\/","name":"Tiedotteet | Medialle - Visit \u00c4ht\u00e4ri","isPartOf":{"@id":"https:\/\/visitahtari.fi\/#website"},"primaryImageOfPage":{"@id":"https:\/\/visitahtari.fi\/sv\/tiedotteet-medialle\/#primaryimage"},"image":{"@id":"https:\/\/visitahtari.fi\/sv\/tiedotteet-medialle\/#primaryimage"},"thumbnailUrl":"https:\/\/visitahtari.fi\/wp-content\/uploads\/2025\/03\/Ahtarin-matkailulehti-kansi.png","datePublished":"2025-05-14T12:18:19+00:00","dateModified":"2025-06-10T10:56:37+00:00","description":"Tiedotteet medialle.","breadcrumb":{"@id":"https:\/\/visitahtari.fi\/sv\/tiedotteet-medialle\/#breadcrumb"},"inLanguage":"sv-SE","potentialAction":[{"@type":"ReadAction","target":["https:\/\/visitahtari.fi\/sv\/tiedotteet-medialle\/"]}]},{"@type":"ImageObject","inLanguage":"sv-SE","@id":"https:\/\/visitahtari.fi\/sv\/tiedotteet-medialle\/#primaryimage","url":"https:\/\/visitahtari.fi\/wp-content\/uploads\/2025\/03\/Ahtarin-matkailulehti-kansi.png","contentUrl":"https:\/\/visitahtari.fi\/wp-content\/uploads\/2025\/03\/Ahtarin-matkailulehti-kansi.png"},{"@type":"BreadcrumbList","@id":"https:\/\/visitahtari.fi\/sv\/tiedotteet-medialle\/#breadcrumb","itemListElement":[{"@type":"ListItem","position":1,"name":"Home","item":"https:\/\/visitahtari.fi\/sv\/"},{"@type":"ListItem","position":2,"name":"Tiedotteet | Medialle"}]},{"@type":"WebSite","@id":"https:\/\/visitahtari.fi\/#website","url":"https:\/\/visitahtari.fi\/","name":"Visit \u00c4ht\u00e4ri","description":"","publisher":{"@id":"https:\/\/visitahtari.fi\/#organization"},"potentialAction":[{"@type":"SearchAction","target":{"@type":"EntryPoint","urlTemplate":"https:\/\/visitahtari.fi\/?s={search_term_string}"},"query-input":{"@type":"PropertyValueSpecification","valueRequired":true,"valueName":"search_term_string"}}],"inLanguage":"sv-SE"},{"@type":"Organization","@id":"https:\/\/visitahtari.fi\/#organization","name":"Visit \u00c4ht\u00e4ri","url":"https:\/\/visitahtari.fi\/","logo":{"@type":"ImageObject","inLanguage":"sv-SE","@id":"https:\/\/visitahtari.fi\/#\/schema\/logo\/image\/","url":"https:\/\/visitahtari.fi\/wp-content\/uploads\/2023\/01\/visitahtari.png","contentUrl":"https:\/\/visitahtari.fi\/wp-content\/uploads\/2023\/01\/visitahtari.png","width":1085,"height":527,"caption":"Visit \u00c4ht\u00e4ri"},"image":{"@id":"https:\/\/visitahtari.fi\/#\/schema\/logo\/image\/"}}]}},"_links":{"self":[{"href":"https:\/\/visitahtari.fi\/sv\/wp-json\/wp\/v2\/pages\/7781","targetHints":{"allow":["GET"]}}],"collection":[{"href":"https:\/\/visitahtari.fi\/sv\/wp-json\/wp\/v2\/pages"}],"about":[{"href":"https:\/\/visitahtari.fi\/sv\/wp-json\/wp\/v2\/types\/page"}],"author":[{"embeddable":true,"href":"https:\/\/visitahtari.fi\/sv\/wp-json\/wp\/v2\/users\/19"}],"replies":[{"embeddable":true,"href":"https:\/\/visitahtari.fi\/sv\/wp-json\/wp\/v2\/comments?post=7781"}],"version-history":[{"count":4,"href":"https:\/\/visitahtari.fi\/sv\/wp-json\/wp\/v2\/pages\/7781\/revisions"}],"predecessor-version":[{"id":7868,"href":"https:\/\/visitahtari.fi\/sv\/wp-json\/wp\/v2\/pages\/7781\/revisions\/7868"}],"wp:attachment":[{"href":"https:\/\/visitahtari.fi\/sv\/wp-json\/wp\/v2\/media?parent=7781"}],"curies":[{"name":"wp","href":"https:\/\/api.w.org\/{rel}","templated":true}]}}