{"id":3377,"date":"2021-03-26T02:33:36","date_gmt":"2021-03-26T00:33:36","guid":{"rendered":"https:\/\/visitahtari.fi\/underhallning\/"},"modified":"2021-06-08T14:02:51","modified_gmt":"2021-06-08T11:02:51","slug":"underhallning","status":"publish","type":"page","link":"https:\/\/visitahtari.fi\/sv\/underhallning\/","title":{"rendered":"Underh\u00e5llning"},"content":{"rendered":"<div class=\"wpb-content-wrapper\"><p>[vc_row css_animation=&#8221;&#8221; row_type=&#8221;row&#8221; use_row_as_full_screen_section=&#8221;no&#8221; type=&#8221;full_width&#8221; angled_section=&#8221;no&#8221; text_align=&#8221;left&#8221; background_image_as_pattern=&#8221;without_pattern&#8221;][vc_column]\t\t\t<script src=\"\/\/visitahtari.fi\/wp-content\/plugins\/revslider\/sr6\/assets\/js\/rbtools.min.js?rev=6.7.14\"><\/script>\n\t\t\t<script src=\"\/\/visitahtari.fi\/wp-content\/plugins\/revslider\/sr6\/assets\/js\/rs6.min.js?rev=6.7.14\"><\/script>\n\n\t\t\t<!-- START Underh\u00e5llning REVOLUTION SLIDER 6.7.14 --><p class=\"rs-p-wp-fix\"><\/p>\n\t\t\t<rs-module-wrap id=\"rev_slider_58_1_wrapper\" data-source=\"gallery\" style=\"visibility:hidden;background:transparent;padding:0;margin:0px auto;margin-top:0;margin-bottom:0;\">\n\t\t\t\t<rs-module id=\"rev_slider_58_1\" style=\"\" data-version=\"6.7.14\">\n\t\t\t\t\t<rs-slides style=\"overflow: hidden; position: absolute;\">\n\t\t\t\t\t\t<rs-slide style=\"position: absolute;\" data-key=\"rs-160\" data-title=\"Slide\" data-anim=\"ms:300;\" data-in=\"x:100%;\">\n\t\t\t\t\t\t\t<img decoding=\"async\" src=\"\/\/visitahtari.fi\/wp-content\/plugins\/revslider\/sr6\/assets\/assets\/dummy.png\" alt=\"\" title=\"Underh\u00e5llning\" class=\"rev-slidebg tp-rs-img rs-lazyload\" data-lazyload=\"\/\/visitahtari.fi\/wp-content\/uploads\/2021\/04\/keila-4383.jpg\" data-parallax=\"off\" data-panzoom=\"d:8000;ss:100;se:110;\" data-no-retina>\n<!--\n\t\t\t\t\t\t\t--><h2\n\t\t\t\t\t\t\t\tid=\"slider-58-slide-160-layer-1\" \n\t\t\t\t\t\t\t\tclass=\"rs-layer rs-selectable\"\n\t\t\t\t\t\t\t\tdata-type=\"text\"\n\t\t\t\t\t\t\t\tdata-color=\"#ffffff\"\n\t\t\t\t\t\t\t\tdata-rsp_ch=\"on\"\n\t\t\t\t\t\t\t\tdata-xy=\"x:c;y:c;yo:15px;\"\n\t\t\t\t\t\t\t\tdata-text=\"w:normal;s:62;l:62;ls:-1px;fw:700;a:center;\"\n\t\t\t\t\t\t\t\tdata-dim=\"w:600px;\"\n\t\t\t\t\t\t\t\tdata-frame_0=\"tp:600;\"\n\t\t\t\t\t\t\t\tdata-frame_1=\"tp:600;st:9.8956298828125;sR:9.8956298828125;\"\n\t\t\t\t\t\t\t\tdata-frame_999=\"o:0;tp:600;st:w;sR:8690.1049804688;\"\n\t\t\t\t\t\t\t\tstyle=\"z-index:5;font-family:'Josefin Sans';text-shadow:1px 1px 2px rgba(0,0,0,.4);\"\n\t\t\t\t\t\t\t>Underh\u00e5llning \n\t\t\t\t\t\t\t<\/h2><!--\n-->\t\t\t\t\t<\/rs-slide>\n\t\t\t\t\t<\/rs-slides>\n\t\t\t\t<\/rs-module>\n\t\t\t\t<script>\n\t\t\t\t\tsetREVStartSize({c: 'rev_slider_58_1',rl:[1240,1024,778,480],el:[],gw:[1240],gh:[380],type:'hero',justify:'',layout:'fullwidth',mh:\"0\"});if (window.RS_MODULES!==undefined && window.RS_MODULES.modules!==undefined && window.RS_MODULES.modules[\"revslider581\"]!==undefined) {window.RS_MODULES.modules[\"revslider581\"].once = false;window.revapi58 = undefined;if (window.RS_MODULES.checkMinimal!==undefined) window.RS_MODULES.checkMinimal()}\n\t\t\t\t<\/script>\n\t\t\t<\/rs-module-wrap>\n\t\t\t<!-- END REVOLUTION SLIDER -->\n[\/vc_column][\/vc_row][vc_row css_animation=&#8221;&#8221; row_type=&#8221;row&#8221; use_row_as_full_screen_section=&#8221;no&#8221; type=&#8221;grid&#8221; angled_section=&#8221;no&#8221; text_align=&#8221;center&#8221; background_image_as_pattern=&#8221;without_pattern&#8221; background_color=&#8221;#ffffff&#8221;][vc_column offset=&#8221;vc_col-lg-offset-1 vc_col-lg-10 vc_col-md-offset-0 vc_col-md-12 vc_col-sm-offset-0&#8243; css=&#8221;.vc_custom_1585578221408{padding-top: 4% !important;padding-right: 15% !important;padding-left: 15% !important;}&#8221;][vc_column_text]<\/p>\n<h1 style=\"text-align: center;\"><strong>Roa dig i Etseri<\/strong><\/h1>\n<p>[\/vc_column_text][vc_empty_space height=&#8221;15px&#8221;][vc_column_text]<\/p>\n<h3>I Etseri kan du roa dig p\u00e5 bl.a. bio och nattklubb och sommartid \u00e4ven p\u00e5 dansbanan.<\/h3>\n<p>[\/vc_column_text][\/vc_column][\/vc_row][vc_row css_animation=&#8221;&#8221; row_type=&#8221;row&#8221; use_row_as_full_screen_section=&#8221;no&#8221; type=&#8221;grid&#8221; angled_section=&#8221;no&#8221; text_align=&#8221;left&#8221; background_image_as_pattern=&#8221;without_pattern&#8221; z_index=&#8221;&#8221; css=&#8221;.vc_custom_1585577558659{padding-top: 3.5% !important;}&#8221;][vc_column width=&#8221;1\/3&#8243; offset=&#8221;vc_col-lg-offset-1&#8243; css=&#8221;.vc_custom_1585280210198{padding-right: 25px !important;}&#8221;][vc_single_image image=&#8221;1189&#8243; img_size=&#8221;400&#215;300&#8243; onclick=&#8221;link_image&#8221; qode_css_animation=&#8221;element_from_fade&#8221; qode_hover_animation=&#8221;darken&#8221;][vc_empty_space height=&#8221;25px&#8221;][\/vc_column][vc_column width=&#8221;1\/2&#8243; offset=&#8221;vc_col-lg-offset-0 vc_col-md-offset-0 vc_col-sm-offset-0&#8243;][vc_empty_space height=&#8221;5px&#8221;][vc_column_text]<\/p>\n<h2>Mustikkavuori dansbana<\/h2>\n<p>[\/vc_column_text][vc_column_text]Den nostalgiska dansbanan Mustikkavuoren tanssilava samlade rekordpublik sommaren 2019.\u00a0 Scenen \u00e4ntrades av finl\u00e4ndska toppartister som fick folk att dansa i kv\u00e4llssolens str\u00e5lar.<\/p>\n<p>Under decenniernas lopp har bl.a. f\u00f6ljande artister framtr\u00e4tt p\u00e5 dansbanan:<\/p>\n<p>The Renegades, Olavi Virta, Topi Sorsakoski,Matti ja Teppo, Antti Tammilehto, Seppo Tammilehto,Juhamatti, Eino Gr\u00f6n, T.Purontaka, Kaija Pohjola, Kari Hirvonen, Lauri T\u00e4hk\u00e4.<\/p>\n<p><strong>Adress:<\/strong> Niemenp\u00e4\u00e4ntie 73, Etseri<\/p>\n<p><strong>F\u00f6rfr\u00e5gningar:<\/strong>\u00a0045 114 7423, musakunkku@gmail.com<\/p>\n<p><strong>Webbplats:<\/strong>\u00a0<a href=\"http:\/\/%20www.visitahtari.fi\/administrator\">www.musakunkku.com<\/a>[\/vc_column_text][vc_empty_space height=&#8221;20px&#8221;][\/vc_column][\/vc_row][vc_row css_animation=&#8221;&#8221; row_type=&#8221;row&#8221; use_row_as_full_screen_section=&#8221;no&#8221; type=&#8221;grid&#8221; angled_section=&#8221;no&#8221; text_align=&#8221;left&#8221; background_image_as_pattern=&#8221;without_pattern&#8221; background_color=&#8221;#ffffff&#8221; z_index=&#8221;&#8221; css=&#8221;.vc_custom_1585577567315{padding-top: 3.5% !important;}&#8221;][vc_column width=&#8221;1\/3&#8243; offset=&#8221;vc_col-lg-offset-1&#8243; css=&#8221;.vc_custom_1585280210198{padding-right: 25px !important;}&#8221;][vc_single_image image=&#8221;1326&#8243; img_size=&#8221;400&#215;300&#8243; onclick=&#8221;link_image&#8221; qode_css_animation=&#8221;element_from_fade&#8221; qode_hover_animation=&#8221;darken&#8221;][vc_empty_space height=&#8221;25px&#8221;][\/vc_column][vc_column width=&#8221;1\/2&#8243; offset=&#8221;vc_col-lg-offset-0 vc_col-md-offset-0 vc_col-sm-offset-0&#8243;][vc_empty_space height=&#8221;5px&#8221;][vc_column_text]<\/p>\n<h2>SunKino<\/h2>\n<p>[\/vc_column_text][vc_column_text]3D-utrustning med digital HFR-teknik m\u00f6jligg\u00f6r en m\u00e5ngsidig och aktuell filmrepertoar. F\u00f6r produktionen av m\u00e5ngkanaligt Dolby Surround 7.1-ljud av h\u00f6g kvalitet ansvarar numera en Dolby CP750-ljudprocessor, Yamahaf\u00f6rst\u00e4rkare av toppklass, JBL-h\u00f6gtalare och 18\u201d subwoofers.\u00a0 Salongen har 132\u00a0numrerade platser. Biljettf\u00f6rs\u00e4ljningen b\u00f6rjar ungef\u00e4r en halvtimme f\u00f6re f\u00f6rest\u00e4llningen. Du kan \u00e4ven boka biljetter i f\u00f6rv\u00e4g p\u00e5 v\u00e5r webbplats. I kiosken finns varma popcorn och andra filmsnacks.<\/p>\n<p><strong>Adress:<\/strong> Lukiontie 1, Etseri<\/p>\n<p><strong>F\u00f6rfr\u00e5gningar:<\/strong>\u00a00400 570 507, info@sunkino.fi<\/p>\n<p><strong>Webbplats:<\/strong>\u00a0<a href=\"http:\/\/www.sunkino.fi\/\" target=\"_blank\" rel=\"noopener noreferrer\">www.sunkino.fi<\/a>[\/vc_column_text][vc_empty_space height=&#8221;20px&#8221;][\/vc_column][\/vc_row][vc_row css_animation=&#8221;&#8221; row_type=&#8221;row&#8221; use_row_as_full_screen_section=&#8221;no&#8221; type=&#8221;grid&#8221; angled_section=&#8221;no&#8221; text_align=&#8221;left&#8221; background_image_as_pattern=&#8221;without_pattern&#8221; background_color=&#8221;#ffffff&#8221; z_index=&#8221;&#8221; css=&#8221;.vc_custom_1585577843756{padding-top: 3.5% !important;}&#8221;][vc_column width=&#8221;1\/3&#8243; offset=&#8221;vc_col-lg-offset-1&#8243; css=&#8221;.vc_custom_1585280210198{padding-right: 25px !important;}&#8221;][vc_single_image image=&#8221;1289&#8243; img_size=&#8221;400&#215;300&#8243; onclick=&#8221;link_image&#8221; qode_css_animation=&#8221;element_from_fade&#8221; qode_hover_animation=&#8221;darken&#8221;][vc_empty_space height=&#8221;25px&#8221;][\/vc_column][vc_column width=&#8221;1\/2&#8243; offset=&#8221;vc_col-lg-offset-0 vc_col-md-offset-0 vc_col-sm-offset-0&#8243;][vc_empty_space height=&#8221;5px&#8221;][vc_column_text]<\/p>\n<h2>Bowling<\/h2>\n<p>[\/vc_column_text][vc_column_text]Bowlinghallen i Etseri \u00e4r nu \u00f6ppen! Bowlinghallen verkar i anslutning till hotell Mesik\u00e4mmen och har \u00e5tta banor.<br \/>\nBowling \u00e4r ett trevligt tidsf\u00f6rdriv f\u00f6r personer i alla \u00e5ldrar, och man kan f\u00e4lla upp kanterna p\u00e5 banan om det \u00e4r barn som spelar.<\/p>\n<p>V\u00e4lkommen att bowla!<\/p>\n<p>SKOHYRA 1,50\u00a0\u20ac\/PAR<\/p>\n<p><strong>Adress: <\/strong>Karhunkierros 149 (Hotell Mesik\u00e4mmen)<\/p>\n<p><strong>\u00d6ppettider:<\/strong> varge dag 12-21<\/p>\n<p>Endast varannan bana anv\u00e4nds. Kom ih\u00e5g s\u00e4kerhetsavst\u00e5ndet p\u00e5 1\u20132\u00a0meter! H\u00e5ll tillr\u00e4ckligt avst\u00e5nd till dem som inte ing\u00e5r i ditt s\u00e4llskap.<\/p>\n<p><a href=\"https:\/\/www.hotellimesikammen.fi\/index.php\/fi\/keilahalli\">https:\/\/www.hotellimesikammen.fi\/index.php\/fi\/keilahalli<\/a><\/p>\n<p>[\/vc_column_text][vc_empty_space height=&#8221;20px&#8221;][\/vc_column][\/vc_row][vc_row css_animation=&#8221;&#8221; row_type=&#8221;row&#8221; use_row_as_full_screen_section=&#8221;no&#8221; type=&#8221;grid&#8221; angled_section=&#8221;no&#8221; text_align=&#8221;left&#8221; background_image_as_pattern=&#8221;without_pattern&#8221; background_color=&#8221;#ffffff&#8221; z_index=&#8221;&#8221; css=&#8221;.vc_custom_1592512445656{padding-top: 3.5% !important;padding-bottom: 4% !important;}&#8221;][vc_column width=&#8221;1\/3&#8243; offset=&#8221;vc_col-lg-offset-1&#8243; css=&#8221;.vc_custom_1585280210198{padding-right: 25px !important;}&#8221;][vc_single_image image=&#8221;1330&#8243; img_size=&#8221;400&#215;300&#8243; onclick=&#8221;link_image&#8221; qode_css_animation=&#8221;element_from_fade&#8221; qode_hover_animation=&#8221;darken&#8221;][vc_empty_space height=&#8221;25px&#8221;][\/vc_column][vc_column width=&#8221;1\/2&#8243; offset=&#8221;vc_col-lg-offset-0 vc_col-md-offset-0 vc_col-sm-offset-0&#8243;][vc_empty_space height=&#8221;5px&#8221;][vc_column_text]<\/p>\n<h2>Club52<\/h2>\n<p>[\/vc_column_text][vc_column_text]Club B52 har underh\u00e5llit sina kunder i Etseri sedan 1999. Klubben \u00e4r en riktig nattklubb som erbjuder en modern inramning f\u00f6r festfolket. Ut\u00f6ver Clubnight-kv\u00e4llarna bes\u00f6ks klubbens livekv\u00e4llar regelbundet av inhemska artister \u00f6ver hela linjen, s\u00e5 att det finns n\u00e5got f\u00f6r alla.<\/p>\n<p><strong>Adress:<\/strong> Ostolantie 4 (Monitori), Etseri<\/p>\n<p><strong>F\u00f6rfr\u00e5gningar<\/strong>\u00a0040 547 8633 tai 050 467 9324, ahtarinb52@gmail.com<\/p>\n<p><strong>Webbplats:<\/strong>\u00a0<a href=\"https:\/\/www.clubb52.com\/\" target=\"_blank\" rel=\"noopener noreferrer\">www.clubb52.com<\/a>[\/vc_column_text][vc_empty_space height=&#8221;20px&#8221;][\/vc_column][\/vc_row]<\/p>\n<\/div>","protected":false},"excerpt":{"rendered":"<p>[vc_row css_animation=&#8221;&#8221; row_type=&#8221;row&#8221; use_row_as_full_screen_section=&#8221;no&#8221; type=&#8221;full_width&#8221; angled_section=&#8221;no&#8221; text_align=&#8221;left&#8221; background_image_as_pattern=&#8221;without_pattern&#8221;][vc_column][\/vc_column][\/vc_row][vc_row css_animation=&#8221;&#8221; row_type=&#8221;row&#8221; use_row_as_full_screen_section=&#8221;no&#8221; type=&#8221;grid&#8221; angled_section=&#8221;no&#8221; text_align=&#8221;center&#8221; background_image_as_pattern=&#8221;without_pattern&#8221; background_color=&#8221;#ffffff&#8221;][vc_column offset=&#8221;vc_col-lg-offset-1 vc_col-lg-10 vc_col-md-offset-0 vc_col-md-12 vc_col-sm-offset-0&#8243; css=&#8221;.vc_custom_1585578221408{padding-top: 4% !important;padding-right: 15% !important;padding-left: 15% !important;}&#8221;][vc_column_text] Roa dig i Etseri [\/vc_column_text][vc_empty_space height=&#8221;15px&#8221;][vc_column_text] I Etseri kan du roa dig p\u00e5 bl.a. bio och nattklubb&#8230;<\/p>\n","protected":false},"author":10,"featured_media":0,"parent":0,"menu_order":0,"comment_status":"closed","ping_status":"closed","template":"full_width.php","meta":{"footnotes":""},"class_list":["post-3377","page","type-page","status-publish","hentry"],"yoast_head":"<!-- This site is optimized with the Yoast SEO plugin v27.4 - https:\/\/yoast.com\/product\/yoast-seo-wordpress\/ -->\n<title>Underh\u00e5llning - Visit \u00c4ht\u00e4ri<\/title>\n<meta name=\"robots\" content=\"index, follow, max-snippet:-1, max-image-preview:large, max-video-preview:-1\" \/>\n<link rel=\"canonical\" href=\"https:\/\/visitahtari.fi\/sv\/underhallning\/\" \/>\n<meta property=\"og:locale\" content=\"sv_SE\" \/>\n<meta property=\"og:type\" content=\"article\" \/>\n<meta property=\"og:title\" content=\"Underh\u00e5llning - Visit \u00c4ht\u00e4ri\" \/>\n<meta property=\"og:description\" content=\"[vc_row css_animation=&#8221;&#8221; row_type=&#8221;row&#8221; use_row_as_full_screen_section=&#8221;no&#8221; type=&#8221;full_width&#8221; angled_section=&#8221;no&#8221; text_align=&#8221;left&#8221; background_image_as_pattern=&#8221;without_pattern&#8221;][vc_column][\/vc_column][\/vc_row][vc_row css_animation=&#8221;&#8221; row_type=&#8221;row&#8221; use_row_as_full_screen_section=&#8221;no&#8221; type=&#8221;grid&#8221; angled_section=&#8221;no&#8221; text_align=&#8221;center&#8221; background_image_as_pattern=&#8221;without_pattern&#8221; background_color=&#8221;#ffffff&#8221;][vc_column offset=&#8221;vc_col-lg-offset-1 vc_col-lg-10 vc_col-md-offset-0 vc_col-md-12 vc_col-sm-offset-0&#8243; css=&#8221;.vc_custom_1585578221408{padding-top: 4% !important;padding-right: 15% !important;padding-left: 15% !important;}&#8221;][vc_column_text] Roa dig i Etseri [\/vc_column_text][vc_empty_space height=&#8221;15px&#8221;][vc_column_text] I Etseri kan du roa dig p\u00e5 bl.a. bio och nattklubb...\" \/>\n<meta property=\"og:url\" content=\"https:\/\/visitahtari.fi\/sv\/underhallning\/\" \/>\n<meta property=\"og:site_name\" content=\"Visit \u00c4ht\u00e4ri\" \/>\n<meta property=\"article:modified_time\" content=\"2021-06-08T11:02:51+00:00\" \/>\n<meta property=\"og:image\" content=\"https:\/\/visitahtari.fi\/wp-content\/uploads\/2020\/03\/visitahtari-logo-4.png\" \/>\n\t<meta property=\"og:image:width\" content=\"580\" \/>\n\t<meta property=\"og:image:height\" content=\"200\" \/>\n\t<meta property=\"og:image:type\" content=\"image\/png\" \/>\n<meta name=\"twitter:card\" content=\"summary_large_image\" \/>\n<meta name=\"twitter:label1\" content=\"Ber\u00e4knad l\u00e4stid\" \/>\n\t<meta name=\"twitter:data1\" content=\"5 minuter\" \/>\n<script type=\"application\/ld+json\" class=\"yoast-schema-graph\">{\"@context\":\"https:\\\/\\\/schema.org\",\"@graph\":[{\"@type\":\"WebPage\",\"@id\":\"https:\\\/\\\/visitahtari.fi\\\/sv\\\/underhallning\\\/\",\"url\":\"https:\\\/\\\/visitahtari.fi\\\/sv\\\/underhallning\\\/\",\"name\":\"Underh\u00e5llning - Visit \u00c4ht\u00e4ri\",\"isPartOf\":{\"@id\":\"https:\\\/\\\/visitahtari.fi\\\/#website\"},\"datePublished\":\"2021-03-26T00:33:36+00:00\",\"dateModified\":\"2021-06-08T11:02:51+00:00\",\"breadcrumb\":{\"@id\":\"https:\\\/\\\/visitahtari.fi\\\/sv\\\/underhallning\\\/#breadcrumb\"},\"inLanguage\":\"sv-SE\",\"potentialAction\":[{\"@type\":\"ReadAction\",\"target\":[\"https:\\\/\\\/visitahtari.fi\\\/sv\\\/underhallning\\\/\"]}]},{\"@type\":\"BreadcrumbList\",\"@id\":\"https:\\\/\\\/visitahtari.fi\\\/sv\\\/underhallning\\\/#breadcrumb\",\"itemListElement\":[{\"@type\":\"ListItem\",\"position\":1,\"name\":\"Home\",\"item\":\"https:\\\/\\\/visitahtari.fi\\\/sv\\\/\"},{\"@type\":\"ListItem\",\"position\":2,\"name\":\"Underh\u00e5llning\"}]},{\"@type\":\"WebSite\",\"@id\":\"https:\\\/\\\/visitahtari.fi\\\/#website\",\"url\":\"https:\\\/\\\/visitahtari.fi\\\/\",\"name\":\"Visit \u00c4ht\u00e4ri\",\"description\":\"\",\"publisher\":{\"@id\":\"https:\\\/\\\/visitahtari.fi\\\/#organization\"},\"potentialAction\":[{\"@type\":\"SearchAction\",\"target\":{\"@type\":\"EntryPoint\",\"urlTemplate\":\"https:\\\/\\\/visitahtari.fi\\\/?s={search_term_string}\"},\"query-input\":{\"@type\":\"PropertyValueSpecification\",\"valueRequired\":true,\"valueName\":\"search_term_string\"}}],\"inLanguage\":\"sv-SE\"},{\"@type\":\"Organization\",\"@id\":\"https:\\\/\\\/visitahtari.fi\\\/#organization\",\"name\":\"Visit \u00c4ht\u00e4ri\",\"url\":\"https:\\\/\\\/visitahtari.fi\\\/\",\"logo\":{\"@type\":\"ImageObject\",\"inLanguage\":\"sv-SE\",\"@id\":\"https:\\\/\\\/visitahtari.fi\\\/#\\\/schema\\\/logo\\\/image\\\/\",\"url\":\"https:\\\/\\\/visitahtari.fi\\\/wp-content\\\/uploads\\\/2023\\\/01\\\/visitahtari.png\",\"contentUrl\":\"https:\\\/\\\/visitahtari.fi\\\/wp-content\\\/uploads\\\/2023\\\/01\\\/visitahtari.png\",\"width\":1085,\"height\":527,\"caption\":\"Visit \u00c4ht\u00e4ri\"},\"image\":{\"@id\":\"https:\\\/\\\/visitahtari.fi\\\/#\\\/schema\\\/logo\\\/image\\\/\"}}]}<\/script>\n<!-- \/ Yoast SEO plugin. -->","yoast_head_json":{"title":"Underh\u00e5llning - Visit \u00c4ht\u00e4ri","robots":{"index":"index","follow":"follow","max-snippet":"max-snippet:-1","max-image-preview":"max-image-preview:large","max-video-preview":"max-video-preview:-1"},"canonical":"https:\/\/visitahtari.fi\/sv\/underhallning\/","og_locale":"sv_SE","og_type":"article","og_title":"Underh\u00e5llning - Visit \u00c4ht\u00e4ri","og_description":"[vc_row css_animation=&#8221;&#8221; row_type=&#8221;row&#8221; use_row_as_full_screen_section=&#8221;no&#8221; type=&#8221;full_width&#8221; angled_section=&#8221;no&#8221; text_align=&#8221;left&#8221; background_image_as_pattern=&#8221;without_pattern&#8221;][vc_column][\/vc_column][\/vc_row][vc_row css_animation=&#8221;&#8221; row_type=&#8221;row&#8221; use_row_as_full_screen_section=&#8221;no&#8221; type=&#8221;grid&#8221; angled_section=&#8221;no&#8221; text_align=&#8221;center&#8221; background_image_as_pattern=&#8221;without_pattern&#8221; background_color=&#8221;#ffffff&#8221;][vc_column offset=&#8221;vc_col-lg-offset-1 vc_col-lg-10 vc_col-md-offset-0 vc_col-md-12 vc_col-sm-offset-0&#8243; css=&#8221;.vc_custom_1585578221408{padding-top: 4% !important;padding-right: 15% !important;padding-left: 15% !important;}&#8221;][vc_column_text] Roa dig i Etseri [\/vc_column_text][vc_empty_space height=&#8221;15px&#8221;][vc_column_text] I Etseri kan du roa dig p\u00e5 bl.a. bio och nattklubb...","og_url":"https:\/\/visitahtari.fi\/sv\/underhallning\/","og_site_name":"Visit \u00c4ht\u00e4ri","article_modified_time":"2021-06-08T11:02:51+00:00","og_image":[{"width":580,"height":200,"url":"https:\/\/visitahtari.fi\/wp-content\/uploads\/2020\/03\/visitahtari-logo-4.png","type":"image\/png"}],"twitter_card":"summary_large_image","twitter_misc":{"Ber\u00e4knad l\u00e4stid":"5 minuter"},"schema":{"@context":"https:\/\/schema.org","@graph":[{"@type":"WebPage","@id":"https:\/\/visitahtari.fi\/sv\/underhallning\/","url":"https:\/\/visitahtari.fi\/sv\/underhallning\/","name":"Underh\u00e5llning - Visit \u00c4ht\u00e4ri","isPartOf":{"@id":"https:\/\/visitahtari.fi\/#website"},"datePublished":"2021-03-26T00:33:36+00:00","dateModified":"2021-06-08T11:02:51+00:00","breadcrumb":{"@id":"https:\/\/visitahtari.fi\/sv\/underhallning\/#breadcrumb"},"inLanguage":"sv-SE","potentialAction":[{"@type":"ReadAction","target":["https:\/\/visitahtari.fi\/sv\/underhallning\/"]}]},{"@type":"BreadcrumbList","@id":"https:\/\/visitahtari.fi\/sv\/underhallning\/#breadcrumb","itemListElement":[{"@type":"ListItem","position":1,"name":"Home","item":"https:\/\/visitahtari.fi\/sv\/"},{"@type":"ListItem","position":2,"name":"Underh\u00e5llning"}]},{"@type":"WebSite","@id":"https:\/\/visitahtari.fi\/#website","url":"https:\/\/visitahtari.fi\/","name":"Visit \u00c4ht\u00e4ri","description":"","publisher":{"@id":"https:\/\/visitahtari.fi\/#organization"},"potentialAction":[{"@type":"SearchAction","target":{"@type":"EntryPoint","urlTemplate":"https:\/\/visitahtari.fi\/?s={search_term_string}"},"query-input":{"@type":"PropertyValueSpecification","valueRequired":true,"valueName":"search_term_string"}}],"inLanguage":"sv-SE"},{"@type":"Organization","@id":"https:\/\/visitahtari.fi\/#organization","name":"Visit \u00c4ht\u00e4ri","url":"https:\/\/visitahtari.fi\/","logo":{"@type":"ImageObject","inLanguage":"sv-SE","@id":"https:\/\/visitahtari.fi\/#\/schema\/logo\/image\/","url":"https:\/\/visitahtari.fi\/wp-content\/uploads\/2023\/01\/visitahtari.png","contentUrl":"https:\/\/visitahtari.fi\/wp-content\/uploads\/2023\/01\/visitahtari.png","width":1085,"height":527,"caption":"Visit \u00c4ht\u00e4ri"},"image":{"@id":"https:\/\/visitahtari.fi\/#\/schema\/logo\/image\/"}}]}},"_links":{"self":[{"href":"https:\/\/visitahtari.fi\/sv\/wp-json\/wp\/v2\/pages\/3377","targetHints":{"allow":["GET"]}}],"collection":[{"href":"https:\/\/visitahtari.fi\/sv\/wp-json\/wp\/v2\/pages"}],"about":[{"href":"https:\/\/visitahtari.fi\/sv\/wp-json\/wp\/v2\/types\/page"}],"author":[{"embeddable":true,"href":"https:\/\/visitahtari.fi\/sv\/wp-json\/wp\/v2\/users\/10"}],"replies":[{"embeddable":true,"href":"https:\/\/visitahtari.fi\/sv\/wp-json\/wp\/v2\/comments?post=3377"}],"version-history":[{"count":4,"href":"https:\/\/visitahtari.fi\/sv\/wp-json\/wp\/v2\/pages\/3377\/revisions"}],"predecessor-version":[{"id":4244,"href":"https:\/\/visitahtari.fi\/sv\/wp-json\/wp\/v2\/pages\/3377\/revisions\/4244"}],"wp:attachment":[{"href":"https:\/\/visitahtari.fi\/sv\/wp-json\/wp\/v2\/media?parent=3377"}],"curies":[{"name":"wp","href":"https:\/\/api.w.org\/{rel}","templated":true}]}}