{"id":3375,"date":"2021-03-26T02:30:59","date_gmt":"2021-03-26T00:30:59","guid":{"rendered":"https:\/\/visitahtari.fi\/berattelser-om-ahtari\/"},"modified":"2021-06-08T13:48:30","modified_gmt":"2021-06-08T10:48:30","slug":"berattelser-om-ahtari","status":"publish","type":"page","link":"https:\/\/visitahtari.fi\/sv\/berattelser-om-ahtari\/","title":{"rendered":"Historiernas Etseri"},"content":{"rendered":"<div class=\"wpb-content-wrapper\"><p>[vc_row css_animation=&#8221;&#8221; row_type=&#8221;row&#8221; use_row_as_full_screen_section=&#8221;no&#8221; type=&#8221;full_width&#8221; angled_section=&#8221;no&#8221; text_align=&#8221;left&#8221; background_image_as_pattern=&#8221;without_pattern&#8221;][vc_column]\t\t\t<script src=\"\/\/visitahtari.fi\/wp-content\/plugins\/revslider\/sr6\/assets\/js\/rbtools.min.js?rev=6.7.14\"><\/script>\n\t\t\t<script src=\"\/\/visitahtari.fi\/wp-content\/plugins\/revslider\/sr6\/assets\/js\/rs6.min.js?rev=6.7.14\"><\/script>\n\n\t\t\t<!-- START Ber\u00e4ttelser om Etseri REVOLUTION SLIDER 6.7.14 --><p class=\"rs-p-wp-fix\"><\/p>\n\t\t\t<rs-module-wrap id=\"rev_slider_56_1_wrapper\" data-source=\"gallery\" style=\"visibility:hidden;background:transparent;padding:0;margin:0px auto;margin-top:0;margin-bottom:0;\">\n\t\t\t\t<rs-module id=\"rev_slider_56_1\" style=\"\" data-version=\"6.7.14\">\n\t\t\t\t\t<rs-slides style=\"overflow: hidden; position: absolute;\">\n\t\t\t\t\t\t<rs-slide style=\"position: absolute;\" data-key=\"rs-158\" data-title=\"Slide\" data-anim=\"ms:300;\" data-in=\"x:100%;\">\n\t\t\t\t\t\t\t<img decoding=\"async\" src=\"\/\/visitahtari.fi\/wp-content\/plugins\/revslider\/sr6\/assets\/assets\/dummy.png\" alt=\"\" title=\"Historiernas Etseri\" class=\"rev-slidebg tp-rs-img rs-lazyload\" data-lazyload=\"\/\/visitahtari.fi\/wp-content\/uploads\/2020\/05\/vaarakoski.jpg\" data-bg=\"p:0% 50%;\" data-parallax=\"off\" data-panzoom=\"d:8000;ss:100;se:110;\" data-no-retina>\n<!--\n\t\t\t\t\t\t\t--><h2\n\t\t\t\t\t\t\t\tid=\"slider-56-slide-158-layer-1\" \n\t\t\t\t\t\t\t\tclass=\"rs-layer rs-selectable\"\n\t\t\t\t\t\t\t\tdata-type=\"text\"\n\t\t\t\t\t\t\t\tdata-color=\"#ffffff\"\n\t\t\t\t\t\t\t\tdata-rsp_ch=\"on\"\n\t\t\t\t\t\t\t\tdata-xy=\"x:c;xo:-23px;y:c;yo:21px;\"\n\t\t\t\t\t\t\t\tdata-text=\"w:normal;s:62;l:62;ls:-1px;fw:700;a:center;\"\n\t\t\t\t\t\t\t\tdata-dim=\"w:640px;h:126px;\"\n\t\t\t\t\t\t\t\tdata-frame_0=\"tp:600;\"\n\t\t\t\t\t\t\t\tdata-frame_1=\"tp:600;st:9.8956298828125;sR:9.8956298828125;\"\n\t\t\t\t\t\t\t\tdata-frame_999=\"o:0;tp:600;st:w;sR:8690.104675293;\"\n\t\t\t\t\t\t\t\tstyle=\"z-index:5;font-family:'Josefin Sans';text-shadow:1px 1px 2px rgba(0,0,0,.4);\"\n\t\t\t\t\t\t\t>Historiernas Etseri \n\t\t\t\t\t\t\t<\/h2><!--\n-->\t\t\t\t\t<\/rs-slide>\n\t\t\t\t\t<\/rs-slides>\n\t\t\t\t<\/rs-module>\n\t\t\t\t<script>\n\t\t\t\t\tsetREVStartSize({c: 'rev_slider_56_1',rl:[1240,1024,778,480],el:[],gw:[1240],gh:[380],type:'hero',justify:'',layout:'fullwidth',mh:\"0\"});if (window.RS_MODULES!==undefined && window.RS_MODULES.modules!==undefined && window.RS_MODULES.modules[\"revslider561\"]!==undefined) {window.RS_MODULES.modules[\"revslider561\"].once = false;window.revapi56 = undefined;if (window.RS_MODULES.checkMinimal!==undefined) window.RS_MODULES.checkMinimal()}\n\t\t\t\t<\/script>\n\t\t\t<\/rs-module-wrap>\n\t\t\t<!-- END REVOLUTION SLIDER -->\n[\/vc_column][\/vc_row][vc_row css_animation=&#8221;&#8221; row_type=&#8221;row&#8221; use_row_as_full_screen_section=&#8221;no&#8221; type=&#8221;full_width&#8221; angled_section=&#8221;no&#8221; text_align=&#8221;left&#8221; background_image_as_pattern=&#8221;without_pattern&#8221; css=&#8221;.vc_custom_1525035732624{padding-top: 3% !important;padding-bottom: 4% !important;}&#8221;][vc_column width=&#8221;5\/12&#8243; offset=&#8221;vc_col-lg-offset-1&#8243; css=&#8221;.vc_custom_1588049225590{padding-right: 10% !important;}&#8221;][vc_column_text]<\/p>\n<h1>Historiernas Etseri<\/h1>\n<p>[\/vc_column_text][vc_empty_space height=&#8221;12px&#8221;][vc_column_text]Historiernas Etseri<\/p>\n<p>M\u00e5nga \u00e5h\u00f6rare anser att Etseris historia saknar motstycke. Fr\u00e5gan \u00e4r hur en liten och anspr\u00e5ksl\u00f6s by i \u00f6demarken kunde v\u00e4xa till en turiststad med global ryktbarhet?<\/p>\n<p>Svaret hittar vi i b\u00f6rjan av 1500-talet, n\u00e4r finska stammar vandrade till Etseri l\u00e4ngs vattenlederna i s\u00f6kandet efter svedjemark. N\u00e4r de uppt\u00e4ckte att platsen var l\u00e4mplig bosatte de sig h\u00e4r och ut\u00f6kade sina omr\u00e5den och familjer.<\/p>\n<p>Den egentliga tillv\u00e4xthistorien b\u00f6rjar 1883, n\u00e4r j\u00e4rnv\u00e4gen som g\u00e5r genom orten blev klar. Banan var k\u00e4nd som Nikolajbanan fr\u00e5n Vasa till Tammerfors. J\u00e4rnv\u00e4gen satte fart p\u00e5 industrin. Vid Inha fabriker uppstod tack vare patronparet August och Lydia Keirkner en v\u00e4lb\u00e4rgad industriby, dit \u00e4ven ett stort antal av guld\u00e5lderns konstn\u00e4rer och andra bem\u00e4rkta personer i riket fann v\u00e4gen.<\/p>\n<p>Vattenlederna och j\u00e4rnv\u00e4gen m\u00f6jliggjorde uppkomsten av flera andra s\u00e5gverk och industrianl\u00e4ggningar. Tack vare de goda f\u00f6rbindelserna byggde F\u00f6rsvarsmakten ocks\u00e5 en dep\u00e5 i Etseri 1940.<\/p>\n<p>Turismen i Etseri kan s\u00e4gas ha b\u00f6rjat p\u00e5 1800-talet, n\u00e4r flera finl\u00e4ndska konstn\u00e4rer, fr\u00e5n Sibelius till J\u00e4rnefelt, tillbringade somrarna vid sj\u00f6str\u00e4nderna samtidigt som de l\u00e4rde sig finska. Denna tidiga turisttrafik m\u00f6jliggjordes naturligtvis av j\u00e4rnv\u00e4gen.<\/p>\n<p>Turismen p\u00e5 orten inledde sin verkliga uppg\u00e5ngsperiod 1973, n\u00e4r Finlands f\u00f6rsta naturenliga djurpark \u00f6ppnade portarna. Den d\u00e5varande kommundirekt\u00f6ren V\u00e4in\u00f6 Jaakolas entr\u00e4gna dr\u00f6m uppfylldes, och djurparken och de omgivande omr\u00e5dena har senare expanderat till ett internationellt turistcenter, d\u00e4r j\u00e4ttepandorna Lumi och Pyry naturligtvis \u00e4r de mest k\u00e4nda stj\u00e4rnorna.<\/p>\n<p>[\/vc_column_text][vc_empty_space height=&#8221;25px&#8221;][\/vc_column][vc_column width=&#8221;5\/12&#8243;][vc_gallery type=&#8221;image_grid&#8221; images=&#8221;1210,1218,1214&#8243; img_size=&#8221;400&#215;250&#8243; column_number=&#8221;3&#8243; grayscale=&#8221;no&#8221; images_space=&#8221;gallery_with_space&#8221;][vc_column_text]Hugo Simberg tillbringade sin sista sommar p\u00e5 Sarkola i Per\u00e4nne, d\u00e4r han dog i juni 1917. Trapporna som han bars utf\u00f6r p\u00e5 sin sista resa finns fortfarande kvar p\u00e5 platsen. Det s\u00e4gs att det var h\u00e4r han m\u00e5lade sitt sista arbete \u201dSvedjer\u00f6k\u201d. Bilden visar Simberg p\u00e5 Sarkolas g\u00e5rd. Ett minnesm\u00e4rke med informationstavla har rests p\u00e5 d\u00f6dsplatsen.<\/p>\n<p>Myllym\u00e4ki station var den enda tredjeklasstationen p\u00e5 j\u00e4rnv\u00e4gen mellan Tammerfors och Vasa, som \u00f6ppnades f\u00f6r trafik 1883. H\u00e4r fanns \u00e4ven en restaurang. Den ryska kejsarinnan Feodorovnas salongsvagnar f\u00f6rvarades p\u00e5 Myllym\u00e4ki station. Prinsessan, som var f\u00f6dd i Danmark, reste fr\u00e5n S:t Petersburg till Danmark l\u00e4ngs Nikolajbanan.<\/p>\n<p>Inha fabriker var den andra orten efter Tammerfors d\u00e4r lamporna t\u00e4ndes p\u00e5 1800-talet.[\/vc_column_text][\/vc_column][\/vc_row]<\/p>\n<\/div>","protected":false},"excerpt":{"rendered":"<p>[vc_row css_animation=&#8221;&#8221; row_type=&#8221;row&#8221; use_row_as_full_screen_section=&#8221;no&#8221; type=&#8221;full_width&#8221; angled_section=&#8221;no&#8221; text_align=&#8221;left&#8221; background_image_as_pattern=&#8221;without_pattern&#8221;][vc_column][\/vc_column][\/vc_row][vc_row css_animation=&#8221;&#8221; row_type=&#8221;row&#8221; use_row_as_full_screen_section=&#8221;no&#8221; type=&#8221;full_width&#8221; angled_section=&#8221;no&#8221; text_align=&#8221;left&#8221; background_image_as_pattern=&#8221;without_pattern&#8221; css=&#8221;.vc_custom_1525035732624{padding-top: 3% !important;padding-bottom: 4% !important;}&#8221;][vc_column width=&#8221;5\/12&#8243; offset=&#8221;vc_col-lg-offset-1&#8243; css=&#8221;.vc_custom_1588049225590{padding-right: 10% !important;}&#8221;][vc_column_text] Historiernas Etseri [\/vc_column_text][vc_empty_space height=&#8221;12px&#8221;][vc_column_text]Historiernas Etseri M\u00e5nga \u00e5h\u00f6rare anser att Etseris historia saknar motstycke. Fr\u00e5gan \u00e4r hur en liten och anspr\u00e5ksl\u00f6s&#8230;<\/p>\n","protected":false},"author":1,"featured_media":0,"parent":0,"menu_order":0,"comment_status":"closed","ping_status":"closed","template":"","meta":{"footnotes":""},"class_list":["post-3375","page","type-page","status-publish","hentry"],"yoast_head":"<!-- This site is optimized with the Yoast SEO plugin v27.3 - https:\/\/yoast.com\/product\/yoast-seo-wordpress\/ -->\n<title>Historiernas Etseri - Visit \u00c4ht\u00e4ri<\/title>\n<meta name=\"robots\" content=\"index, follow, max-snippet:-1, max-image-preview:large, max-video-preview:-1\" \/>\n<link rel=\"canonical\" href=\"https:\/\/visitahtari.fi\/sv\/berattelser-om-ahtari\/\" \/>\n<meta property=\"og:locale\" content=\"sv_SE\" \/>\n<meta property=\"og:type\" content=\"article\" \/>\n<meta property=\"og:title\" content=\"Historiernas Etseri - Visit \u00c4ht\u00e4ri\" \/>\n<meta property=\"og:description\" content=\"[vc_row css_animation=&#8221;&#8221; row_type=&#8221;row&#8221; use_row_as_full_screen_section=&#8221;no&#8221; type=&#8221;full_width&#8221; angled_section=&#8221;no&#8221; text_align=&#8221;left&#8221; background_image_as_pattern=&#8221;without_pattern&#8221;][vc_column][\/vc_column][\/vc_row][vc_row css_animation=&#8221;&#8221; row_type=&#8221;row&#8221; use_row_as_full_screen_section=&#8221;no&#8221; type=&#8221;full_width&#8221; angled_section=&#8221;no&#8221; text_align=&#8221;left&#8221; background_image_as_pattern=&#8221;without_pattern&#8221; css=&#8221;.vc_custom_1525035732624{padding-top: 3% !important;padding-bottom: 4% !important;}&#8221;][vc_column width=&#8221;5\/12&#8243; offset=&#8221;vc_col-lg-offset-1&#8243; css=&#8221;.vc_custom_1588049225590{padding-right: 10% !important;}&#8221;][vc_column_text] Historiernas Etseri [\/vc_column_text][vc_empty_space height=&#8221;12px&#8221;][vc_column_text]Historiernas Etseri M\u00e5nga \u00e5h\u00f6rare anser att Etseris historia saknar motstycke. Fr\u00e5gan \u00e4r hur en liten och anspr\u00e5ksl\u00f6s...\" \/>\n<meta property=\"og:url\" content=\"https:\/\/visitahtari.fi\/sv\/berattelser-om-ahtari\/\" \/>\n<meta property=\"og:site_name\" content=\"Visit \u00c4ht\u00e4ri\" \/>\n<meta property=\"article:modified_time\" content=\"2021-06-08T10:48:30+00:00\" \/>\n<meta property=\"og:image\" content=\"https:\/\/visitahtari.fi\/wp-content\/uploads\/2020\/03\/visitahtari-logo-4.png\" \/>\n\t<meta property=\"og:image:width\" content=\"580\" \/>\n\t<meta property=\"og:image:height\" content=\"200\" \/>\n\t<meta property=\"og:image:type\" content=\"image\/png\" \/>\n<meta name=\"twitter:card\" content=\"summary_large_image\" \/>\n<meta name=\"twitter:label1\" content=\"Ber\u00e4knad l\u00e4stid\" \/>\n\t<meta name=\"twitter:data1\" content=\"3 minuter\" \/>\n<script type=\"application\/ld+json\" class=\"yoast-schema-graph\">{\"@context\":\"https:\\\/\\\/schema.org\",\"@graph\":[{\"@type\":\"WebPage\",\"@id\":\"https:\\\/\\\/visitahtari.fi\\\/sv\\\/berattelser-om-ahtari\\\/\",\"url\":\"https:\\\/\\\/visitahtari.fi\\\/sv\\\/berattelser-om-ahtari\\\/\",\"name\":\"Historiernas Etseri - Visit \u00c4ht\u00e4ri\",\"isPartOf\":{\"@id\":\"https:\\\/\\\/visitahtari.fi\\\/#website\"},\"datePublished\":\"2021-03-26T00:30:59+00:00\",\"dateModified\":\"2021-06-08T10:48:30+00:00\",\"breadcrumb\":{\"@id\":\"https:\\\/\\\/visitahtari.fi\\\/sv\\\/berattelser-om-ahtari\\\/#breadcrumb\"},\"inLanguage\":\"sv-SE\",\"potentialAction\":[{\"@type\":\"ReadAction\",\"target\":[\"https:\\\/\\\/visitahtari.fi\\\/sv\\\/berattelser-om-ahtari\\\/\"]}]},{\"@type\":\"BreadcrumbList\",\"@id\":\"https:\\\/\\\/visitahtari.fi\\\/sv\\\/berattelser-om-ahtari\\\/#breadcrumb\",\"itemListElement\":[{\"@type\":\"ListItem\",\"position\":1,\"name\":\"Home\",\"item\":\"https:\\\/\\\/visitahtari.fi\\\/sv\\\/\"},{\"@type\":\"ListItem\",\"position\":2,\"name\":\"Historiernas Etseri\"}]},{\"@type\":\"WebSite\",\"@id\":\"https:\\\/\\\/visitahtari.fi\\\/#website\",\"url\":\"https:\\\/\\\/visitahtari.fi\\\/\",\"name\":\"Visit \u00c4ht\u00e4ri\",\"description\":\"\",\"publisher\":{\"@id\":\"https:\\\/\\\/visitahtari.fi\\\/#organization\"},\"potentialAction\":[{\"@type\":\"SearchAction\",\"target\":{\"@type\":\"EntryPoint\",\"urlTemplate\":\"https:\\\/\\\/visitahtari.fi\\\/?s={search_term_string}\"},\"query-input\":{\"@type\":\"PropertyValueSpecification\",\"valueRequired\":true,\"valueName\":\"search_term_string\"}}],\"inLanguage\":\"sv-SE\"},{\"@type\":\"Organization\",\"@id\":\"https:\\\/\\\/visitahtari.fi\\\/#organization\",\"name\":\"Visit \u00c4ht\u00e4ri\",\"url\":\"https:\\\/\\\/visitahtari.fi\\\/\",\"logo\":{\"@type\":\"ImageObject\",\"inLanguage\":\"sv-SE\",\"@id\":\"https:\\\/\\\/visitahtari.fi\\\/#\\\/schema\\\/logo\\\/image\\\/\",\"url\":\"https:\\\/\\\/visitahtari.fi\\\/wp-content\\\/uploads\\\/2023\\\/01\\\/visitahtari.png\",\"contentUrl\":\"https:\\\/\\\/visitahtari.fi\\\/wp-content\\\/uploads\\\/2023\\\/01\\\/visitahtari.png\",\"width\":1085,\"height\":527,\"caption\":\"Visit \u00c4ht\u00e4ri\"},\"image\":{\"@id\":\"https:\\\/\\\/visitahtari.fi\\\/#\\\/schema\\\/logo\\\/image\\\/\"}}]}<\/script>\n<!-- \/ Yoast SEO plugin. -->","yoast_head_json":{"title":"Historiernas Etseri - Visit \u00c4ht\u00e4ri","robots":{"index":"index","follow":"follow","max-snippet":"max-snippet:-1","max-image-preview":"max-image-preview:large","max-video-preview":"max-video-preview:-1"},"canonical":"https:\/\/visitahtari.fi\/sv\/berattelser-om-ahtari\/","og_locale":"sv_SE","og_type":"article","og_title":"Historiernas Etseri - Visit \u00c4ht\u00e4ri","og_description":"[vc_row css_animation=&#8221;&#8221; row_type=&#8221;row&#8221; use_row_as_full_screen_section=&#8221;no&#8221; type=&#8221;full_width&#8221; angled_section=&#8221;no&#8221; text_align=&#8221;left&#8221; background_image_as_pattern=&#8221;without_pattern&#8221;][vc_column][\/vc_column][\/vc_row][vc_row css_animation=&#8221;&#8221; row_type=&#8221;row&#8221; use_row_as_full_screen_section=&#8221;no&#8221; type=&#8221;full_width&#8221; angled_section=&#8221;no&#8221; text_align=&#8221;left&#8221; background_image_as_pattern=&#8221;without_pattern&#8221; css=&#8221;.vc_custom_1525035732624{padding-top: 3% !important;padding-bottom: 4% !important;}&#8221;][vc_column width=&#8221;5\/12&#8243; offset=&#8221;vc_col-lg-offset-1&#8243; css=&#8221;.vc_custom_1588049225590{padding-right: 10% !important;}&#8221;][vc_column_text] Historiernas Etseri [\/vc_column_text][vc_empty_space height=&#8221;12px&#8221;][vc_column_text]Historiernas Etseri M\u00e5nga \u00e5h\u00f6rare anser att Etseris historia saknar motstycke. Fr\u00e5gan \u00e4r hur en liten och anspr\u00e5ksl\u00f6s...","og_url":"https:\/\/visitahtari.fi\/sv\/berattelser-om-ahtari\/","og_site_name":"Visit \u00c4ht\u00e4ri","article_modified_time":"2021-06-08T10:48:30+00:00","og_image":[{"width":580,"height":200,"url":"https:\/\/visitahtari.fi\/wp-content\/uploads\/2020\/03\/visitahtari-logo-4.png","type":"image\/png"}],"twitter_card":"summary_large_image","twitter_misc":{"Ber\u00e4knad l\u00e4stid":"3 minuter"},"schema":{"@context":"https:\/\/schema.org","@graph":[{"@type":"WebPage","@id":"https:\/\/visitahtari.fi\/sv\/berattelser-om-ahtari\/","url":"https:\/\/visitahtari.fi\/sv\/berattelser-om-ahtari\/","name":"Historiernas Etseri - Visit \u00c4ht\u00e4ri","isPartOf":{"@id":"https:\/\/visitahtari.fi\/#website"},"datePublished":"2021-03-26T00:30:59+00:00","dateModified":"2021-06-08T10:48:30+00:00","breadcrumb":{"@id":"https:\/\/visitahtari.fi\/sv\/berattelser-om-ahtari\/#breadcrumb"},"inLanguage":"sv-SE","potentialAction":[{"@type":"ReadAction","target":["https:\/\/visitahtari.fi\/sv\/berattelser-om-ahtari\/"]}]},{"@type":"BreadcrumbList","@id":"https:\/\/visitahtari.fi\/sv\/berattelser-om-ahtari\/#breadcrumb","itemListElement":[{"@type":"ListItem","position":1,"name":"Home","item":"https:\/\/visitahtari.fi\/sv\/"},{"@type":"ListItem","position":2,"name":"Historiernas Etseri"}]},{"@type":"WebSite","@id":"https:\/\/visitahtari.fi\/#website","url":"https:\/\/visitahtari.fi\/","name":"Visit \u00c4ht\u00e4ri","description":"","publisher":{"@id":"https:\/\/visitahtari.fi\/#organization"},"potentialAction":[{"@type":"SearchAction","target":{"@type":"EntryPoint","urlTemplate":"https:\/\/visitahtari.fi\/?s={search_term_string}"},"query-input":{"@type":"PropertyValueSpecification","valueRequired":true,"valueName":"search_term_string"}}],"inLanguage":"sv-SE"},{"@type":"Organization","@id":"https:\/\/visitahtari.fi\/#organization","name":"Visit \u00c4ht\u00e4ri","url":"https:\/\/visitahtari.fi\/","logo":{"@type":"ImageObject","inLanguage":"sv-SE","@id":"https:\/\/visitahtari.fi\/#\/schema\/logo\/image\/","url":"https:\/\/visitahtari.fi\/wp-content\/uploads\/2023\/01\/visitahtari.png","contentUrl":"https:\/\/visitahtari.fi\/wp-content\/uploads\/2023\/01\/visitahtari.png","width":1085,"height":527,"caption":"Visit \u00c4ht\u00e4ri"},"image":{"@id":"https:\/\/visitahtari.fi\/#\/schema\/logo\/image\/"}}]}},"_links":{"self":[{"href":"https:\/\/visitahtari.fi\/sv\/wp-json\/wp\/v2\/pages\/3375","targetHints":{"allow":["GET"]}}],"collection":[{"href":"https:\/\/visitahtari.fi\/sv\/wp-json\/wp\/v2\/pages"}],"about":[{"href":"https:\/\/visitahtari.fi\/sv\/wp-json\/wp\/v2\/types\/page"}],"author":[{"embeddable":true,"href":"https:\/\/visitahtari.fi\/sv\/wp-json\/wp\/v2\/users\/1"}],"replies":[{"embeddable":true,"href":"https:\/\/visitahtari.fi\/sv\/wp-json\/wp\/v2\/comments?post=3375"}],"version-history":[{"count":4,"href":"https:\/\/visitahtari.fi\/sv\/wp-json\/wp\/v2\/pages\/3375\/revisions"}],"predecessor-version":[{"id":4242,"href":"https:\/\/visitahtari.fi\/sv\/wp-json\/wp\/v2\/pages\/3375\/revisions\/4242"}],"wp:attachment":[{"href":"https:\/\/visitahtari.fi\/sv\/wp-json\/wp\/v2\/media?parent=3375"}],"curies":[{"name":"wp","href":"https:\/\/api.w.org\/{rel}","templated":true}]}}