{"id":3316,"date":"2021-03-26T02:18:31","date_gmt":"2021-03-26T00:18:31","guid":{"rendered":"https:\/\/visitahtari.fi\/vinter-2020-2021\/"},"modified":"2021-03-26T03:01:20","modified_gmt":"2021-03-26T01:01:20","slug":"vintern-2020-2021","status":"publish","type":"page","link":"https:\/\/visitahtari.fi\/sv\/vintern-2020-2021\/","title":{"rendered":"Vintern 2020-2021"},"content":{"rendered":"<div class=\"wpb-content-wrapper\"><p>[vc_row css_animation=&#8221;&#8221; row_type=&#8221;row&#8221; use_row_as_full_screen_section=&#8221;no&#8221; type=&#8221;full_width&#8221; angled_section=&#8221;no&#8221; text_align=&#8221;left&#8221; background_image_as_pattern=&#8221;without_pattern&#8221;][vc_column css=&#8221;.vc_custom_1584329305595{margin-top: -26px !important;}&#8221;]\t\t\t<rs-module-wrap id=\"rev_slider_error_1_wrapper\">\n\t\t\t\t<rs-module id=\"rev_slider_error_1\">\n\t\t\t\t\t<div class=\"rs_error_message_box\">\n\t\t\t\t\t\t<div class=\"rs_error_message_oops\">There is nothing to show here!<\/div>\n\t\t\t\t\t\t<div class=\"rs_error_message_content\">Slider with alias talvi-2020 not found.<\/div>\n\t\t\t\t\t<\/div>\n\t\t\t\t<\/rs-module>\n\t\t\t<\/rs-module-wrap>\n\t\t\t<script>\n\t\t\t\tvar rs_eslider = document.getElementById(\"rev_slider_error_1\");\n\t\t\t\trs_eslider.style.display = \"none\";\n\t\t\t\tconsole.log(\"Slider with alias talvi-2020 not found.\");\n\t\t\t<\/script>\n[\/vc_column][\/vc_row][vc_row css_animation=&#8221;&#8221; row_type=&#8221;row&#8221; use_row_as_full_screen_section=&#8221;no&#8221; type=&#8221;grid&#8221; angled_section=&#8221;no&#8221; text_align=&#8221;center&#8221; background_image_as_pattern=&#8221;without_pattern&#8221; background_color=&#8221;#ffffff&#8221;][vc_column offset=&#8221;vc_col-lg-offset-1 vc_col-lg-10 vc_col-md-offset-0 vc_col-md-12 vc_col-sm-offset-0&#8243; css=&#8221;.vc_custom_1585573237774{padding-top: 4% !important;padding-right: 15% !important;padding-left: 15% !important;}&#8221;][vc_column_text]<\/p>\n<h1 style=\"text-align: center;\">Vintern 2020- 2021<\/h1>\n<p>[\/vc_column_text][vc_empty_space height=&#8221;15px&#8221;][vc_column_text]<\/p>\n<h3 style=\"text-align: left;\">Viet\u00e4 talvi \u00c4ht\u00e4riss\u00e4! Rentoudu perheen kesken tai viet\u00e4 ikimuistoinen loma kaveriporukassa. \u00c4ht\u00e4riss\u00e4 voit kokea lukemattomia el\u00e4myksi\u00e4, retkiluistelusta, hiihtoon vaihtelevissa maisemissa, kalastuksesta rauhallisiin vaelluksiin mets\u00e4ss\u00e4. Kurkkaa alapuolelta vaihtoehdot ja varaa oma el\u00e4myksesi!<\/h3>\n<p>[\/vc_column_text][\/vc_column][\/vc_row][vc_row css_animation=&#8221;&#8221; row_type=&#8221;row&#8221; use_row_as_full_screen_section=&#8221;no&#8221; type=&#8221;grid&#8221; angled_section=&#8221;no&#8221; text_align=&#8221;left&#8221; background_image_as_pattern=&#8221;without_pattern&#8221; z_index=&#8221;&#8221; css=&#8221;.vc_custom_1585577558659{padding-top: 3.5% !important;}&#8221;][vc_column width=&#8221;1\/3&#8243; offset=&#8221;vc_col-lg-offset-1&#8243; css=&#8221;.vc_custom_1585280210198{padding-right: 25px !important;}&#8221;][vc_single_image image=&#8221;1305&#8243; img_size=&#8221;full&#8221; onclick=&#8221;link_image&#8221; qode_css_animation=&#8221;element_from_fade&#8221; qode_hover_animation=&#8221;darken&#8221;][vc_empty_space height=&#8221;25px&#8221;][\/vc_column][vc_column width=&#8221;1\/2&#8243; offset=&#8221;vc_col-lg-offset-0 vc_col-md-offset-0 vc_col-sm-offset-0&#8243;][vc_empty_space height=&#8221;5px&#8221;][vc_column_text]<\/p>\n<h2>Poropuisto vierailut<\/h2>\n<p>[\/vc_column_text][vc_empty_space height=&#8221;8px&#8221;][vc_column_text]Hinta: 6 \u20ac\/ henkil\u00f6<br \/>\nPerhehinta: 18\u20ac\/ perhe (max 2 aik+3 lasta)<\/p>\n<p>Hinta sis\u00e4lt\u00e4\u00e4: P\u00e4\u00e4syn Valkeisen poropuistoon ruokkimaan ja silitt\u00e4m\u00e4\u00e4n porojamme ja ottamaan kuvia. Kuulet tarinoita tilan poroista ja poronhoidosta n\u00e4ill\u00e4 leveysasteilla. Kesto 15-30 min tai tilanteen mukaan. Tutustu my\u00f6s muihin vaihtoehtoihin:<\/p>\n<p><a href=\"https:\/\/visitahtari.fi\/sv\/kohde\/#!\/poropuisto\/VAPO\/2020-11-01\/2020-11-02\/2\/0\/0\">Tutustu ja Varaa<\/a>[\/vc_column_text][vc_empty_space height=&#8221;20px&#8221;][\/vc_column][\/vc_row][vc_row css_animation=&#8221;&#8221; row_type=&#8221;row&#8221; use_row_as_full_screen_section=&#8221;no&#8221; type=&#8221;grid&#8221; angled_section=&#8221;no&#8221; text_align=&#8221;left&#8221; background_image_as_pattern=&#8221;without_pattern&#8221; z_index=&#8221;&#8221; css=&#8221;.vc_custom_1585577558659{padding-top: 3.5% !important;}&#8221;][vc_column width=&#8221;1\/3&#8243; offset=&#8221;vc_col-lg-offset-1&#8243; css=&#8221;.vc_custom_1585280210198{padding-right: 25px !important;}&#8221;][vc_single_image image=&#8221;2597&#8243; img_size=&#8221;full&#8221; onclick=&#8221;link_image&#8221; qode_css_animation=&#8221;element_from_fade&#8221; qode_hover_animation=&#8221;darken&#8221;][vc_empty_space height=&#8221;25px&#8221;][\/vc_column][vc_column width=&#8221;1\/2&#8243; offset=&#8221;vc_col-lg-offset-0 vc_col-md-offset-0 vc_col-sm-offset-0&#8243;][vc_empty_space height=&#8221;5px&#8221;][vc_column_text]<\/p>\n<h2>Hiihto<\/h2>\n<p>[\/vc_column_text][vc_empty_space height=&#8221;8px&#8221;][vc_column_text]\u00c4ht\u00e4rin alueella on noin \u00a0n. 70 km:n mittainen latuverkosto. Kaikki ladut, joitain kyl\u00e4latuja lukuunottamatta, soveltuvat perinteisen ja vapaan hiihdon tekniikoille.<br \/>\nMustikkavuoren hiihtokeskuksessa on kilpahiihtoon ja harjoitteluun sopivat latuprofiilit. Sielt\u00e4 l\u00f6ytyy viiden kilometrin valaistu latu sek\u00e4 kolmen ja 7,5 km:n ladut. Alueella on my\u00f6s valaistu hiihtomaa, josta l\u00f6ytyy hyppyreiden ja aaltolatujen lis\u00e4ksi pulkkam\u00e4ki ja tulipaikka.<\/p>\n<p>Matkailualueella sijaitseva Moksun kuntorata on viiden kilometrin mittainen helppo ja valaistu hiihtoreitti. Ladun varrella on my\u00f6s laavu tulipaikkoineen.<\/p>\n<p>Keskustan valaistulta kuntoradalta l\u00e4htee kohti Ulaa ja Kellom\u00e4ke\u00e4 \u00c4ht\u00e4rin suosituimmat ladut. Kellom\u00e4en koko reitille tulee mittaa 21 km. My\u00f6s t\u00e4lt\u00e4 reitilt\u00e4 l\u00f6ytyy laavuja ja tulipaikkoja.<\/p>\n<p>Kun lumi- ja j\u00e4\u00e4tilanne sallivat, niin n\u00e4m\u00e4 kaikki reitit yhdistyv\u00e4t yhten\u00e4iseksi l\u00e4hes 60 km:n mittaiseksi latuverkostoksi.<br \/>\nKylill\u00e4 on\u00a0 my\u00f6s hyvi\u00e4 hiihtoreittej\u00e4. \u00a0Myllym\u00e4ell\u00e4 on 10 km latua, josta osa valaistu, Alastaipaleella\/Per\u00e4nteell\u00e4 10 km, josta 1,5 km on valaistua.<\/p>\n<p><a href=\"https:\/\/www.ahtari.fi\/index.php\/vapaa-aika-ja-liikunta\/liikunta-ja-ulkoilu\/hiihto\">Tutustu<\/a>[\/vc_column_text][vc_empty_space height=&#8221;20px&#8221;][\/vc_column][\/vc_row][vc_row css_animation=&#8221;&#8221; row_type=&#8221;row&#8221; use_row_as_full_screen_section=&#8221;no&#8221; type=&#8221;grid&#8221; angled_section=&#8221;no&#8221; text_align=&#8221;left&#8221; background_image_as_pattern=&#8221;without_pattern&#8221; z_index=&#8221;&#8221; css=&#8221;.vc_custom_1585577617842{padding-top: 3.5% !important;}&#8221;][vc_column width=&#8221;1\/3&#8243; offset=&#8221;vc_col-lg-offset-1&#8243; css=&#8221;.vc_custom_1585280210198{padding-right: 25px !important;}&#8221;][vc_single_image image=&#8221;3150&#8243; img_size=&#8221;full&#8221; onclick=&#8221;link_image&#8221; qode_css_animation=&#8221;element_from_fade&#8221; qode_hover_animation=&#8221;darken&#8221;][vc_empty_space height=&#8221;25px&#8221;][\/vc_column][vc_column width=&#8221;1\/2&#8243; offset=&#8221;vc_col-lg-offset-0 vc_col-md-offset-0 vc_col-sm-offset-0&#8243;][vc_empty_space height=&#8221;5px&#8221;][vc_column_text]<\/p>\n<h2>\u00c4ht\u00e4ri Zoo<\/h2>\n<p>[\/vc_column_text][vc_empty_space height=&#8221;8px&#8221;][vc_column_text]Koe maagisen kaunis talvinen el\u00e4inpuisto! Kierroksella voit ihastella lumipukuisia el\u00e4imi\u00e4 luontoretkest\u00e4 nauttien. Laavulle voi sytytt\u00e4\u00e4 tulet, paistaa makkaraa ja nauttia kuumaa kaakaota.<\/p>\n<p><strong>Osoite:<\/strong> \u00c4ht\u00e4ri Zoo, Karhunkierros 150<br \/>\n<strong>Tiedustelut:\u00a0<\/strong>myyntipalvelu, sales@ahtarizoo.fi, p. 030 6215444<\/p>\n<p><a href=\"https:\/\/ahtarizoo.fi\/fi\/majoitus-ja-ravintolat\/talviloma21\">Osta liput<\/a>[\/vc_column_text][vc_empty_space height=&#8221;20px&#8221;][\/vc_column][\/vc_row][vc_row css_animation=&#8221;&#8221; row_type=&#8221;row&#8221; use_row_as_full_screen_section=&#8221;no&#8221; type=&#8221;grid&#8221; angled_section=&#8221;no&#8221; text_align=&#8221;left&#8221; background_image_as_pattern=&#8221;without_pattern&#8221; z_index=&#8221;&#8221; css=&#8221;.vc_custom_1585577617842{padding-top: 3.5% !important;}&#8221;][vc_column width=&#8221;1\/3&#8243; offset=&#8221;vc_col-lg-offset-1&#8243; css=&#8221;.vc_custom_1585280210198{padding-right: 25px !important;}&#8221;][vc_single_image image=&#8221;2336&#8243; img_size=&#8221;full&#8221; onclick=&#8221;link_image&#8221; qode_css_animation=&#8221;element_from_fade&#8221; qode_hover_animation=&#8221;darken&#8221;][vc_empty_space height=&#8221;5px&#8221;][vc_single_image image=&#8221;2820&#8243; img_size=&#8221;full&#8221; onclick=&#8221;link_image&#8221; qode_css_animation=&#8221;element_from_fade&#8221; qode_hover_animation=&#8221;darken&#8221;][vc_empty_space height=&#8221;25px&#8221;][\/vc_column][vc_column width=&#8221;1\/2&#8243; offset=&#8221;vc_col-lg-offset-0 vc_col-md-offset-0 vc_col-sm-offset-0&#8243;][vc_empty_space height=&#8221;5px&#8221;][vc_column_text]<\/p>\n<h2>Luistelu<\/h2>\n<p>[\/vc_column_text][vc_empty_space height=&#8221;8px&#8221;][vc_column_text]<strong>Yleis\u00f6luisteluvuorot \u00c4ht\u00e4rin j\u00e4\u00e4hallissa<\/strong><br \/>\n(Mustikkavuorentie 35)<\/p>\n<p>ma-pe 1.\u20135.3.2021<br \/>\nklo 10\u201311 mailaton vuoro<br \/>\nklo 11\u201313 mailallinen vuoro<\/p>\n<p>Kaikkina p\u00e4ivin\u00e4 ensimm\u00e4inen tunti ilman mailoja ja seuraavat kaksi tuntia mailojen kanssa.<\/p>\n<p>Huom! Kyp\u00e4r\u00e4t aina p\u00e4\u00e4h\u00e4n. Alaik\u00e4iset huoltajien seurassa. Yleis\u00f6luisteluvuoroille on vapaa p\u00e4\u00e4sy. J\u00e4rj. \u00c4ht\u00e4rin kaupungin vapaa-aikatoimi<\/p>\n<p><strong>Ulkoj\u00e4\u00e4t<\/strong><\/p>\n<p><span style=\"font-family: 'Calibri',sans-serif; color: black;\">Urheilukent\u00e4n kaukalo (Hankolantie 6)<br \/>\n<\/span><span style=\"font-family: 'Calibri',sans-serif; color: black;\">H\u00f6mm\u00f6n kentt\u00e4 (H\u00f6mm\u00f6nm\u00e4entie 2)<br \/>\nOllinkulman aidattu kentt\u00e4 (Koulukuja 3)<br \/>\n<\/span><span style=\"font-family: 'Calibri',sans-serif; color: black;\">Pellonp\u00e4\u00e4n kentt\u00e4 (Kievarintie 10)<br \/>\nRiihim\u00e4en kentt\u00e4 (Hilmantie 6)<\/span><\/p>\n<p><strong>Retkiluistelu<br \/>\n<\/strong>Honkiniementie 150<\/p>\n<p>Honkiniemen leiri- ja kurssikeskuksesta l\u00f6ytyy noin 1km pituinen j\u00e4\u00e4rata. Paikalta on mahdollista vuokrata my\u00f6s retkiluistimia vastaanoton aukioloaikoina. Rannasta l\u00f6ytyy my\u00f6s pieni iglu, pulkkam\u00e4ki sek\u00e4 nuotiokatos.[\/vc_column_text][vc_empty_space height=&#8221;20px&#8221;][\/vc_column][\/vc_row][vc_row css_animation=&#8221;&#8221; row_type=&#8221;row&#8221; use_row_as_full_screen_section=&#8221;no&#8221; type=&#8221;grid&#8221; angled_section=&#8221;no&#8221; text_align=&#8221;left&#8221; background_image_as_pattern=&#8221;without_pattern&#8221; z_index=&#8221;&#8221; css=&#8221;.vc_custom_1585577617842{padding-top: 3.5% !important;}&#8221;][vc_column width=&#8221;1\/3&#8243; offset=&#8221;vc_col-lg-offset-1&#8243; css=&#8221;.vc_custom_1585280210198{padding-right: 25px !important;}&#8221;][vc_single_image image=&#8221;3153&#8243; img_size=&#8221;full&#8221; onclick=&#8221;link_image&#8221; qode_css_animation=&#8221;element_from_fade&#8221; qode_hover_animation=&#8221;darken&#8221;][vc_empty_space height=&#8221;25px&#8221;][\/vc_column][vc_column width=&#8221;1\/2&#8243; offset=&#8221;vc_col-lg-offset-0 vc_col-md-offset-0 vc_col-sm-offset-0&#8243;][vc_empty_space height=&#8221;5px&#8221;][vc_column_text]<\/p>\n<h2>Valaistu pulkkam\u00e4ki<\/h2>\n<p>[\/vc_column_text][vc_empty_space height=&#8221;8px&#8221;][vc_column_text]Mustikkavuoren liikuntakeskuksessa sijaitsee valaistu ja hoidettu pulkkam\u00e4ki. Pulkkam\u00e4en vierest\u00e4 l\u00f6ytyy my\u00f6s laavu ja polttopuita sek\u00e4 monipuoliset ladut.<\/p>\n<p>Pulkkam\u00e4ess\u00e4 voit testata kyltein merkatut Planican huipun, iisimm\u00e4n Lillehammerin ja suositun Oberin<\/p>\n<p><strong>Osoite:\u00a0<\/strong>Mustikkavuorentie 35[\/vc_column_text][vc_empty_space height=&#8221;20px&#8221;][\/vc_column][\/vc_row][vc_row css_animation=&#8221;&#8221; row_type=&#8221;row&#8221; use_row_as_full_screen_section=&#8221;no&#8221; type=&#8221;grid&#8221; angled_section=&#8221;no&#8221; text_align=&#8221;left&#8221; background_image_as_pattern=&#8221;without_pattern&#8221; z_index=&#8221;&#8221; css=&#8221;.vc_custom_1585577617842{padding-top: 3.5% !important;}&#8221;][vc_column width=&#8221;1\/3&#8243; offset=&#8221;vc_col-lg-offset-1&#8243; css=&#8221;.vc_custom_1585280210198{padding-right: 25px !important;}&#8221;][vc_single_image image=&#8221;2603&#8243; img_size=&#8221;full&#8221; onclick=&#8221;link_image&#8221; qode_css_animation=&#8221;element_from_fade&#8221; qode_hover_animation=&#8221;darken&#8221;][vc_empty_space height=&#8221;25px&#8221;][\/vc_column][vc_column width=&#8221;1\/2&#8243; offset=&#8221;vc_col-lg-offset-0 vc_col-md-offset-0 vc_col-sm-offset-0&#8243;][vc_empty_space height=&#8221;5px&#8221;][vc_column_text]<\/p>\n<h2>Lumikenk\u00e4ily<\/h2>\n<p>[\/vc_column_text][vc_empty_space height=&#8221;8px&#8221;][vc_column_text]Toteutus: Tammikuu-maaliskuu lumitilanne huomioiden. Lumikenk\u00e4ily on hauskaa, helppoa ja tehokasta liikuntaa!<\/p>\n<p>V\u00e4lineet voit vuokrata vastaanotosta.<br \/>\n<strong>Hinta:<br \/>\n10,00\u20ac\/kenk\u00e4pari\/4 tuntia<\/strong><br \/>\n<strong>15,00\u20ac\/kenk\u00e4pari\/p\u00e4iv\u00e4<\/strong><br \/>\nsis. lumikeng\u00e4t, sauvat sek\u00e4 k\u00e4ytt\u00f6\u00f6n opastuksen.<\/p>\n<p><a href=\"https:\/\/www.honkiniemi.fi\/index.php\/ohjelmapalvelut\/lumikenkaily\">Tutustu<\/a><\/p>\n<p><strong>Osoite:<\/strong> Honkiniementie 150<br \/>\n<strong>Tiedustelut:<\/strong> p. 06 418 4450 , honkiniemi@evl.fi &amp; www.honkiniemi.fi[\/vc_column_text][vc_empty_space height=&#8221;20px&#8221;][\/vc_column][\/vc_row][vc_row css_animation=&#8221;&#8221; row_type=&#8221;row&#8221; use_row_as_full_screen_section=&#8221;no&#8221; type=&#8221;grid&#8221; angled_section=&#8221;no&#8221; text_align=&#8221;left&#8221; background_image_as_pattern=&#8221;without_pattern&#8221; z_index=&#8221;&#8221; css=&#8221;.vc_custom_1600300788917{padding-top: 3.5% !important;padding-bottom: 4% !important;}&#8221;][vc_column width=&#8221;1\/3&#8243; offset=&#8221;vc_col-lg-offset-1&#8243; css=&#8221;.vc_custom_1585280210198{padding-right: 25px !important;}&#8221;][vc_single_image image=&#8221;1289&#8243; img_size=&#8221;full&#8221; onclick=&#8221;link_image&#8221; qode_css_animation=&#8221;element_from_fade&#8221; qode_hover_animation=&#8221;darken&#8221;][vc_empty_space height=&#8221;25px&#8221;][\/vc_column][vc_column width=&#8221;1\/2&#8243; offset=&#8221;vc_col-lg-offset-0 vc_col-md-offset-0 vc_col-sm-offset-0&#8243;][vc_empty_space height=&#8221;5px&#8221;][vc_column_text]<\/p>\n<h2>Keilaus<\/h2>\n<p>[\/vc_column_text][vc_empty_space height=&#8221;8px&#8221;][vc_column_text]Keilahalli on avoinna joka p\u00e4iv\u00e4 12-21<\/p>\n<p><a href=\"https:\/\/www.hotellimesikammen.fi\/index.php\/fi\/keilahalli\">Lue lis\u00e4\u00e4 ja varaa vuoro<\/a><\/p>\n<p><strong>Osoite:<\/strong> Hotelli Mesik\u00e4mmen, Karhunkierros 149<br \/>\n<strong>Tiedustelut:\u00a0<\/strong>myyntipalvelu, sales@ahtarizoo.fi, p. 030 6215444[\/vc_column_text][vc_empty_space height=&#8221;20px&#8221;][\/vc_column][\/vc_row]<\/p>\n<\/div>","protected":false},"excerpt":{"rendered":"<p>[vc_row css_animation=&#8221;&#8221; row_type=&#8221;row&#8221; use_row_as_full_screen_section=&#8221;no&#8221; type=&#8221;full_width&#8221; angled_section=&#8221;no&#8221; text_align=&#8221;left&#8221; background_image_as_pattern=&#8221;without_pattern&#8221;][vc_column css=&#8221;.vc_custom_1584329305595{margin-top: -26px !important;}&#8221;][\/vc_column][\/vc_row][vc_row css_animation=&#8221;&#8221; row_type=&#8221;row&#8221; use_row_as_full_screen_section=&#8221;no&#8221; type=&#8221;grid&#8221; angled_section=&#8221;no&#8221; text_align=&#8221;center&#8221; background_image_as_pattern=&#8221;without_pattern&#8221; background_color=&#8221;#ffffff&#8221;][vc_column offset=&#8221;vc_col-lg-offset-1 vc_col-lg-10 vc_col-md-offset-0 vc_col-md-12 vc_col-sm-offset-0&#8243; css=&#8221;.vc_custom_1585573237774{padding-top: 4% !important;padding-right: 15% !important;padding-left: 15% !important;}&#8221;][vc_column_text] Vintern 2020- 2021 [\/vc_column_text][vc_empty_space height=&#8221;15px&#8221;][vc_column_text] Viet\u00e4 talvi \u00c4ht\u00e4riss\u00e4! Rentoudu perheen kesken tai viet\u00e4 ikimuistoinen&#8230;<\/p>\n","protected":false},"author":10,"featured_media":0,"parent":0,"menu_order":0,"comment_status":"closed","ping_status":"closed","template":"full_width.php","meta":{"footnotes":""},"class_list":["post-3316","page","type-page","status-publish","hentry"],"yoast_head":"<!-- This site is optimized with the Yoast SEO plugin v27.3 - https:\/\/yoast.com\/product\/yoast-seo-wordpress\/ -->\n<title>Vintern 2020-2021 - Visit \u00c4ht\u00e4ri<\/title>\n<meta name=\"robots\" content=\"index, follow, max-snippet:-1, max-image-preview:large, max-video-preview:-1\" \/>\n<link rel=\"canonical\" href=\"https:\/\/visitahtari.fi\/sv\/vintern-2020-2021\/\" \/>\n<meta property=\"og:locale\" content=\"sv_SE\" \/>\n<meta property=\"og:type\" content=\"article\" \/>\n<meta property=\"og:title\" content=\"Vintern 2020-2021 - Visit \u00c4ht\u00e4ri\" \/>\n<meta property=\"og:description\" content=\"[vc_row css_animation=&#8221;&#8221; row_type=&#8221;row&#8221; use_row_as_full_screen_section=&#8221;no&#8221; type=&#8221;full_width&#8221; angled_section=&#8221;no&#8221; text_align=&#8221;left&#8221; background_image_as_pattern=&#8221;without_pattern&#8221;][vc_column css=&#8221;.vc_custom_1584329305595{margin-top: -26px !important;}&#8221;][\/vc_column][\/vc_row][vc_row css_animation=&#8221;&#8221; row_type=&#8221;row&#8221; use_row_as_full_screen_section=&#8221;no&#8221; type=&#8221;grid&#8221; angled_section=&#8221;no&#8221; text_align=&#8221;center&#8221; background_image_as_pattern=&#8221;without_pattern&#8221; background_color=&#8221;#ffffff&#8221;][vc_column offset=&#8221;vc_col-lg-offset-1 vc_col-lg-10 vc_col-md-offset-0 vc_col-md-12 vc_col-sm-offset-0&#8243; css=&#8221;.vc_custom_1585573237774{padding-top: 4% !important;padding-right: 15% !important;padding-left: 15% !important;}&#8221;][vc_column_text] Vintern 2020- 2021 [\/vc_column_text][vc_empty_space height=&#8221;15px&#8221;][vc_column_text] Viet\u00e4 talvi \u00c4ht\u00e4riss\u00e4! Rentoudu perheen kesken tai viet\u00e4 ikimuistoinen...\" \/>\n<meta property=\"og:url\" content=\"https:\/\/visitahtari.fi\/sv\/vintern-2020-2021\/\" \/>\n<meta property=\"og:site_name\" content=\"Visit \u00c4ht\u00e4ri\" \/>\n<meta property=\"article:modified_time\" content=\"2021-03-26T01:01:20+00:00\" \/>\n<meta property=\"og:image\" content=\"https:\/\/visitahtari.fi\/wp-content\/uploads\/2020\/03\/visitahtari-logo-4.png\" \/>\n\t<meta property=\"og:image:width\" content=\"580\" \/>\n\t<meta property=\"og:image:height\" content=\"200\" \/>\n\t<meta property=\"og:image:type\" content=\"image\/png\" \/>\n<meta name=\"twitter:card\" content=\"summary_large_image\" \/>\n<meta name=\"twitter:label1\" content=\"Ber\u00e4knad l\u00e4stid\" \/>\n\t<meta name=\"twitter:data1\" content=\"7 minuter\" \/>\n<script type=\"application\/ld+json\" class=\"yoast-schema-graph\">{\"@context\":\"https:\\\/\\\/schema.org\",\"@graph\":[{\"@type\":\"WebPage\",\"@id\":\"https:\\\/\\\/visitahtari.fi\\\/sv\\\/vintern-2020-2021\\\/\",\"url\":\"https:\\\/\\\/visitahtari.fi\\\/sv\\\/vintern-2020-2021\\\/\",\"name\":\"Vintern 2020-2021 - Visit \u00c4ht\u00e4ri\",\"isPartOf\":{\"@id\":\"https:\\\/\\\/visitahtari.fi\\\/#website\"},\"datePublished\":\"2021-03-26T00:18:31+00:00\",\"dateModified\":\"2021-03-26T01:01:20+00:00\",\"breadcrumb\":{\"@id\":\"https:\\\/\\\/visitahtari.fi\\\/sv\\\/vintern-2020-2021\\\/#breadcrumb\"},\"inLanguage\":\"sv-SE\",\"potentialAction\":[{\"@type\":\"ReadAction\",\"target\":[\"https:\\\/\\\/visitahtari.fi\\\/sv\\\/vintern-2020-2021\\\/\"]}]},{\"@type\":\"BreadcrumbList\",\"@id\":\"https:\\\/\\\/visitahtari.fi\\\/sv\\\/vintern-2020-2021\\\/#breadcrumb\",\"itemListElement\":[{\"@type\":\"ListItem\",\"position\":1,\"name\":\"Home\",\"item\":\"https:\\\/\\\/visitahtari.fi\\\/sv\\\/\"},{\"@type\":\"ListItem\",\"position\":2,\"name\":\"Vintern 2020-2021\"}]},{\"@type\":\"WebSite\",\"@id\":\"https:\\\/\\\/visitahtari.fi\\\/#website\",\"url\":\"https:\\\/\\\/visitahtari.fi\\\/\",\"name\":\"Visit \u00c4ht\u00e4ri\",\"description\":\"\",\"publisher\":{\"@id\":\"https:\\\/\\\/visitahtari.fi\\\/#organization\"},\"potentialAction\":[{\"@type\":\"SearchAction\",\"target\":{\"@type\":\"EntryPoint\",\"urlTemplate\":\"https:\\\/\\\/visitahtari.fi\\\/?s={search_term_string}\"},\"query-input\":{\"@type\":\"PropertyValueSpecification\",\"valueRequired\":true,\"valueName\":\"search_term_string\"}}],\"inLanguage\":\"sv-SE\"},{\"@type\":\"Organization\",\"@id\":\"https:\\\/\\\/visitahtari.fi\\\/#organization\",\"name\":\"Visit \u00c4ht\u00e4ri\",\"url\":\"https:\\\/\\\/visitahtari.fi\\\/\",\"logo\":{\"@type\":\"ImageObject\",\"inLanguage\":\"sv-SE\",\"@id\":\"https:\\\/\\\/visitahtari.fi\\\/#\\\/schema\\\/logo\\\/image\\\/\",\"url\":\"https:\\\/\\\/visitahtari.fi\\\/wp-content\\\/uploads\\\/2023\\\/01\\\/visitahtari.png\",\"contentUrl\":\"https:\\\/\\\/visitahtari.fi\\\/wp-content\\\/uploads\\\/2023\\\/01\\\/visitahtari.png\",\"width\":1085,\"height\":527,\"caption\":\"Visit \u00c4ht\u00e4ri\"},\"image\":{\"@id\":\"https:\\\/\\\/visitahtari.fi\\\/#\\\/schema\\\/logo\\\/image\\\/\"}}]}<\/script>\n<!-- \/ Yoast SEO plugin. -->","yoast_head_json":{"title":"Vintern 2020-2021 - Visit \u00c4ht\u00e4ri","robots":{"index":"index","follow":"follow","max-snippet":"max-snippet:-1","max-image-preview":"max-image-preview:large","max-video-preview":"max-video-preview:-1"},"canonical":"https:\/\/visitahtari.fi\/sv\/vintern-2020-2021\/","og_locale":"sv_SE","og_type":"article","og_title":"Vintern 2020-2021 - Visit \u00c4ht\u00e4ri","og_description":"[vc_row css_animation=&#8221;&#8221; row_type=&#8221;row&#8221; use_row_as_full_screen_section=&#8221;no&#8221; type=&#8221;full_width&#8221; angled_section=&#8221;no&#8221; text_align=&#8221;left&#8221; background_image_as_pattern=&#8221;without_pattern&#8221;][vc_column css=&#8221;.vc_custom_1584329305595{margin-top: -26px !important;}&#8221;][\/vc_column][\/vc_row][vc_row css_animation=&#8221;&#8221; row_type=&#8221;row&#8221; use_row_as_full_screen_section=&#8221;no&#8221; type=&#8221;grid&#8221; angled_section=&#8221;no&#8221; text_align=&#8221;center&#8221; background_image_as_pattern=&#8221;without_pattern&#8221; background_color=&#8221;#ffffff&#8221;][vc_column offset=&#8221;vc_col-lg-offset-1 vc_col-lg-10 vc_col-md-offset-0 vc_col-md-12 vc_col-sm-offset-0&#8243; css=&#8221;.vc_custom_1585573237774{padding-top: 4% !important;padding-right: 15% !important;padding-left: 15% !important;}&#8221;][vc_column_text] Vintern 2020- 2021 [\/vc_column_text][vc_empty_space height=&#8221;15px&#8221;][vc_column_text] Viet\u00e4 talvi \u00c4ht\u00e4riss\u00e4! Rentoudu perheen kesken tai viet\u00e4 ikimuistoinen...","og_url":"https:\/\/visitahtari.fi\/sv\/vintern-2020-2021\/","og_site_name":"Visit \u00c4ht\u00e4ri","article_modified_time":"2021-03-26T01:01:20+00:00","og_image":[{"width":580,"height":200,"url":"https:\/\/visitahtari.fi\/wp-content\/uploads\/2020\/03\/visitahtari-logo-4.png","type":"image\/png"}],"twitter_card":"summary_large_image","twitter_misc":{"Ber\u00e4knad l\u00e4stid":"7 minuter"},"schema":{"@context":"https:\/\/schema.org","@graph":[{"@type":"WebPage","@id":"https:\/\/visitahtari.fi\/sv\/vintern-2020-2021\/","url":"https:\/\/visitahtari.fi\/sv\/vintern-2020-2021\/","name":"Vintern 2020-2021 - Visit \u00c4ht\u00e4ri","isPartOf":{"@id":"https:\/\/visitahtari.fi\/#website"},"datePublished":"2021-03-26T00:18:31+00:00","dateModified":"2021-03-26T01:01:20+00:00","breadcrumb":{"@id":"https:\/\/visitahtari.fi\/sv\/vintern-2020-2021\/#breadcrumb"},"inLanguage":"sv-SE","potentialAction":[{"@type":"ReadAction","target":["https:\/\/visitahtari.fi\/sv\/vintern-2020-2021\/"]}]},{"@type":"BreadcrumbList","@id":"https:\/\/visitahtari.fi\/sv\/vintern-2020-2021\/#breadcrumb","itemListElement":[{"@type":"ListItem","position":1,"name":"Home","item":"https:\/\/visitahtari.fi\/sv\/"},{"@type":"ListItem","position":2,"name":"Vintern 2020-2021"}]},{"@type":"WebSite","@id":"https:\/\/visitahtari.fi\/#website","url":"https:\/\/visitahtari.fi\/","name":"Visit \u00c4ht\u00e4ri","description":"","publisher":{"@id":"https:\/\/visitahtari.fi\/#organization"},"potentialAction":[{"@type":"SearchAction","target":{"@type":"EntryPoint","urlTemplate":"https:\/\/visitahtari.fi\/?s={search_term_string}"},"query-input":{"@type":"PropertyValueSpecification","valueRequired":true,"valueName":"search_term_string"}}],"inLanguage":"sv-SE"},{"@type":"Organization","@id":"https:\/\/visitahtari.fi\/#organization","name":"Visit \u00c4ht\u00e4ri","url":"https:\/\/visitahtari.fi\/","logo":{"@type":"ImageObject","inLanguage":"sv-SE","@id":"https:\/\/visitahtari.fi\/#\/schema\/logo\/image\/","url":"https:\/\/visitahtari.fi\/wp-content\/uploads\/2023\/01\/visitahtari.png","contentUrl":"https:\/\/visitahtari.fi\/wp-content\/uploads\/2023\/01\/visitahtari.png","width":1085,"height":527,"caption":"Visit \u00c4ht\u00e4ri"},"image":{"@id":"https:\/\/visitahtari.fi\/#\/schema\/logo\/image\/"}}]}},"_links":{"self":[{"href":"https:\/\/visitahtari.fi\/sv\/wp-json\/wp\/v2\/pages\/3316","targetHints":{"allow":["GET"]}}],"collection":[{"href":"https:\/\/visitahtari.fi\/sv\/wp-json\/wp\/v2\/pages"}],"about":[{"href":"https:\/\/visitahtari.fi\/sv\/wp-json\/wp\/v2\/types\/page"}],"author":[{"embeddable":true,"href":"https:\/\/visitahtari.fi\/sv\/wp-json\/wp\/v2\/users\/10"}],"replies":[{"embeddable":true,"href":"https:\/\/visitahtari.fi\/sv\/wp-json\/wp\/v2\/comments?post=3316"}],"version-history":[{"count":3,"href":"https:\/\/visitahtari.fi\/sv\/wp-json\/wp\/v2\/pages\/3316\/revisions"}],"predecessor-version":[{"id":3412,"href":"https:\/\/visitahtari.fi\/sv\/wp-json\/wp\/v2\/pages\/3316\/revisions\/3412"}],"wp:attachment":[{"href":"https:\/\/visitahtari.fi\/sv\/wp-json\/wp\/v2\/media?parent=3316"}],"curies":[{"name":"wp","href":"https:\/\/api.w.org\/{rel}","templated":true}]}}