{"id":2732,"date":"2020-12-10T09:24:13","date_gmt":"2020-12-10T07:24:13","guid":{"rendered":"https:\/\/visitahtari.fi\/?page_id=2732"},"modified":"2025-06-24T09:44:55","modified_gmt":"2025-06-24T06:44:55","slug":"winter","status":"publish","type":"page","link":"https:\/\/visitahtari.fi\/en\/winter\/","title":{"rendered":"Winter"},"content":{"rendered":"<div class=\"wpb-content-wrapper\"><p>[vc_row css_animation=&#8221;&#8221; row_type=&#8221;row&#8221; use_row_as_full_screen_section=&#8221;no&#8221; type=&#8221;full_width&#8221; angled_section=&#8221;no&#8221; text_align=&#8221;left&#8221; background_image_as_pattern=&#8221;without_pattern&#8221;][vc_column css=&#8221;.vc_custom_1584329305595{margin-top: -26px !important;}&#8221;]\t\t\t<rs-module-wrap id=\"rev_slider_error_1_wrapper\">\n\t\t\t\t<rs-module id=\"rev_slider_error_1\">\n\t\t\t\t\t<div class=\"rs_error_message_box\">\n\t\t\t\t\t\t<div class=\"rs_error_message_oops\">There is nothing to show here!<\/div>\n\t\t\t\t\t\t<div class=\"rs_error_message_content\">Slider with alias winter-2021 not found.<\/div>\n\t\t\t\t\t<\/div>\n\t\t\t\t<\/rs-module>\n\t\t\t<\/rs-module-wrap>\n\t\t\t<script>\n\t\t\t\tvar rs_eslider = document.getElementById(\"rev_slider_error_1\");\n\t\t\t\trs_eslider.style.display = \"none\";\n\t\t\t\tconsole.log(\"Slider with alias winter-2021 not found.\");\n\t\t\t<\/script>\n[\/vc_column][\/vc_row][vc_row css_animation=&#8221;&#8221; row_type=&#8221;row&#8221; use_row_as_full_screen_section=&#8221;no&#8221; type=&#8221;grid&#8221; angled_section=&#8221;no&#8221; text_align=&#8221;center&#8221; background_image_as_pattern=&#8221;without_pattern&#8221; background_color=&#8221;#ffffff&#8221;][vc_column offset=&#8221;vc_col-lg-offset-1 vc_col-lg-10 vc_col-md-offset-0 vc_col-md-12 vc_col-sm-offset-0&#8243; css=&#8221;.vc_custom_1585573237774{padding-top: 4% !important;padding-right: 15% !important;padding-left: 15% !important;}&#8221;][vc_column_text css=&#8221;&#8221;]<\/p>\n<h1 style=\"text-align: center;\">Winter<\/h1>\n<p>[\/vc_column_text][vc_empty_space height=&#8221;15px&#8221;][vc_column_text]<\/p>\n<h3>Experience winter in \u00c4ht\u00e4ri! Relax with your own family or spend an unforgettable holiday with friends. \u00c4ht\u00e4ri offers a wide variety of experiences from Nordic tour skating to skiing in alternating settings, and from fishing to peaceful hikes in the forest. Check out the options below and book your own adventure!<\/h3>\n<p>[\/vc_column_text][\/vc_column][\/vc_row][vc_row css_animation=&#8221;&#8221; row_type=&#8221;row&#8221; use_row_as_full_screen_section=&#8221;no&#8221; type=&#8221;grid&#8221; angled_section=&#8221;no&#8221; text_align=&#8221;left&#8221; background_image_as_pattern=&#8221;without_pattern&#8221; z_index=&#8221;&#8221; css=&#8221;.vc_custom_1585577558659{padding-top: 3.5% !important;}&#8221;][vc_column width=&#8221;1\/3&#8243; offset=&#8221;vc_col-lg-offset-1&#8243; css=&#8221;.vc_custom_1585280210198{padding-right: 25px !important;}&#8221;][vc_single_image image=&#8221;2434&#8243; img_size=&#8221;full&#8221; onclick=&#8221;link_image&#8221; qode_css_animation=&#8221;element_from_fade&#8221; qode_hover_animation=&#8221;darken&#8221;][vc_empty_space height=&#8221;25px&#8221;][\/vc_column][vc_column width=&#8221;1\/2&#8243; offset=&#8221;vc_col-lg-offset-0 vc_col-md-offset-0 vc_col-sm-offset-0&#8243;][vc_empty_space height=&#8221;5px&#8221;][vc_column_text]<\/p>\n<h2>Valkeinen Reindeer Park<\/h2>\n<p>[\/vc_column_text][vc_column_text]The price includes: Entrance to the Valkeinen Reindeer Park to feed, pet, and photograph our reindeer. You will hear stories about the reindeer living on the farm and about reindeer husbandry at this latitude. Duration 15-30 min or according to the situation. See also our other options.<\/p>\n<p><strong>Address:\u00a0<\/strong>Valkeisentie 157, 63700 \u00c4ht\u00e4ri<\/p>\n<p><a href=\"https:\/\/visitahtari.fi\/en\/destination\/#!\/reindeer-park\/VAPO\/2020-12-11\/2020-12-12\/2\/0\/0\">Find out more<\/a>[\/vc_column_text][vc_empty_space height=&#8221;20px&#8221;][\/vc_column][\/vc_row][vc_row css_animation=&#8221;&#8221; row_type=&#8221;row&#8221; use_row_as_full_screen_section=&#8221;no&#8221; type=&#8221;grid&#8221; angled_section=&#8221;no&#8221; text_align=&#8221;left&#8221; background_image_as_pattern=&#8221;without_pattern&#8221; z_index=&#8221;&#8221; css=&#8221;.vc_custom_1585577558659{padding-top: 3.5% !important;}&#8221;][vc_column width=&#8221;1\/3&#8243; offset=&#8221;vc_col-lg-offset-1&#8243; css=&#8221;.vc_custom_1585280210198{padding-right: 25px !important;}&#8221;][vc_single_image image=&#8221;644&#8243; img_size=&#8221;full&#8221; onclick=&#8221;link_image&#8221; qode_css_animation=&#8221;element_from_fade&#8221; qode_hover_animation=&#8221;darken&#8221;][vc_empty_space height=&#8221;25px&#8221;][\/vc_column][vc_column width=&#8221;1\/2&#8243; offset=&#8221;vc_col-lg-offset-0 vc_col-md-offset-0 vc_col-sm-offset-0&#8243;][vc_empty_space height=&#8221;5px&#8221;][vc_column_text]<\/p>\n<h2>\u00c4ht\u00e4ri Zoo<\/h2>\n<p>[\/vc_column_text][vc_column_text css=&#8221;&#8221;]\u00c4ht\u00e4ri Zoo is the oldest natural environment zoo in Finland.Today, the zoo is home to over 50 animal species, with bears as the park\u2019s best-known attraction. Most of the animals are typically found in boreal forests in the wild. Since the beginning, \u00c4ht\u00e4ri Zoo has aimed to build spacious and natural living environments for the animals. This is why the park mostly hosts animals that are a found in boreal forests on the Northern Hemisphere. The 60-hectare area with its varying terrains and vegetation has provided a wonderful setting for realizing EAZA\u2019s (the European Association of Zoos and Aquaria) main principles of how animals should be treated in captivity. Furthermore, one of the most important goals for zoos is to help people learn more about animals and nature and to distribute educational information. Naturehouse, Zoo, Farm,\u00a0 Deli &amp; Cafe and Zoo Shop.<\/p>\n<p><strong>Address:<\/strong>\u00a0Karhunkierros 150, \u00c4ht\u00e4ri<\/p>\n<p><strong>Enquiries : <\/strong>030 62150,\u00a0<span id=\"cloak36ca5e30f2453ff7d221c4d885f0f170\"><a href=\"mailto:info@ahtarizoo.fi\">info@ahtarizoo.fi<\/a><\/span><\/p>\n<p><strong>Website :<\/strong>\u00a0<a href=\"https:\/\/ahtarizoo.lippu.fi\/webshop\/webticket\/eventlist\" target=\"_blank\" rel=\"noopener noreferrer\">www.ahtarizoo.fi<\/a>[\/vc_column_text][vc_empty_space height=&#8221;20px&#8221;][\/vc_column][\/vc_row][vc_row css_animation=&#8221;&#8221; row_type=&#8221;row&#8221; use_row_as_full_screen_section=&#8221;no&#8221; type=&#8221;grid&#8221; angled_section=&#8221;no&#8221; text_align=&#8221;left&#8221; background_image_as_pattern=&#8221;without_pattern&#8221; z_index=&#8221;&#8221; css=&#8221;.vc_custom_1585577617842{padding-top: 3.5% !important;}&#8221;][vc_column width=&#8221;1\/3&#8243; offset=&#8221;vc_col-lg-offset-1&#8243; css=&#8221;.vc_custom_1585280210198{padding-right: 25px !important;}&#8221;][vc_single_image image=&#8221;1273&#8243; img_size=&#8221;full&#8221; onclick=&#8221;link_image&#8221; qode_css_animation=&#8221;element_from_fade&#8221; qode_hover_animation=&#8221;darken&#8221;][vc_empty_space height=&#8221;25px&#8221;][\/vc_column][vc_column width=&#8221;1\/2&#8243; offset=&#8221;vc_col-lg-offset-0 vc_col-md-offset-0 vc_col-sm-offset-0&#8243;][vc_empty_space height=&#8221;5px&#8221;][vc_column_text]<\/p>\n<h2>Skiing<\/h2>\n<p>[\/vc_column_text][vc_column_text]The \u00c4ht\u00e4ri area has a ski network with around 150 kilometres of tracks, 80 kilometres of which are traditional cross-country tracks maintained with a <em>Paana<\/em> snow groomer. There are around six kilometres of illuminated ski tracks in the Mustikkavuori Sports Centre and five kilometres in the \u00c4ht\u00e4ri tourism area.<\/p>\n<p class=\"Text\">The tracks in Mustikkavuori are demanding in places, whereas the five-kilometre track in the \u00c4ht\u00e4ri tourism area is well-suited for the whole family. There is a lean-to shelter along the track both in Mustikkavuori and in the tourism area. There are also great ski routes little further away from \u00c4ht\u00e4ri, such as the illuminated one-kilometre track in Alastaipale.<\/p>\n<p><a href=\"http:\/\/185.85.54.107\/latutiedot\/\">Find out more<\/a>[\/vc_column_text][vc_empty_space height=&#8221;20px&#8221;][\/vc_column][\/vc_row][vc_row css_animation=&#8221;&#8221; row_type=&#8221;row&#8221; use_row_as_full_screen_section=&#8221;no&#8221; type=&#8221;grid&#8221; angled_section=&#8221;no&#8221; text_align=&#8221;left&#8221; background_image_as_pattern=&#8221;without_pattern&#8221; background_color=&#8221;#ffffff&#8221; z_index=&#8221;&#8221; css=&#8221;.vc_custom_1585577567315{padding-top: 3.5% !important;}&#8221;][vc_column width=&#8221;1\/3&#8243; offset=&#8221;vc_col-lg-offset-1&#8243; css=&#8221;.vc_custom_1585280210198{padding-right: 25px !important;}&#8221;][vc_single_image image=&#8221;2653&#8243; img_size=&#8221;400&#215;270&#8243; onclick=&#8221;link_image&#8221; qode_css_animation=&#8221;element_from_fade&#8221; qode_hover_animation=&#8221;darken&#8221;][vc_empty_space height=&#8221;25px&#8221;][\/vc_column][vc_column width=&#8221;1\/2&#8243; offset=&#8221;vc_col-lg-offset-0 vc_col-md-offset-0 vc_col-sm-offset-0&#8243;][vc_empty_space height=&#8221;5px&#8221;][vc_column_text]<\/p>\n<h2>Hiking tracks and nature trails at \u00c4ht\u00e4ri tourism area<\/h2>\n<p>[\/vc_column_text][vc_column_text]The beautiful esker and lake sceneries of \u00c4ht\u00e4ri are at their finest along our hiking tracks and nature trails. There are several different nature and exercise trails in the \u00c4ht\u00e4ri tourism area.<\/p>\n<p><a href=\"https:\/\/ahtari.fi\/index.php\/vapaa-aika-ja-liikunta\/liikunta-ja-ulkoilu\/luonto-ja-ulkoilureitit\"><strong>Find out more:\u00a0<\/strong><\/a>[\/vc_column_text][vc_empty_space height=&#8221;20px&#8221;][\/vc_column][\/vc_row][vc_row css_animation=&#8221;&#8221; row_type=&#8221;row&#8221; use_row_as_full_screen_section=&#8221;no&#8221; type=&#8221;grid&#8221; angled_section=&#8221;no&#8221; text_align=&#8221;left&#8221; background_image_as_pattern=&#8221;without_pattern&#8221; z_index=&#8221;&#8221; css=&#8221;.vc_custom_1585577617842{padding-top: 3.5% !important;}&#8221;][vc_column width=&#8221;1\/3&#8243; offset=&#8221;vc_col-lg-offset-1&#8243; css=&#8221;.vc_custom_1585280210198{padding-right: 25px !important;}&#8221;][vc_single_image image=&#8221;1277&#8243; img_size=&#8221;full&#8221; onclick=&#8221;link_image&#8221; qode_css_animation=&#8221;element_from_fade&#8221; qode_hover_animation=&#8221;darken&#8221;][vc_empty_space height=&#8221;25px&#8221;][\/vc_column][vc_column width=&#8221;1\/2&#8243; offset=&#8221;vc_col-lg-offset-0 vc_col-md-offset-0 vc_col-sm-offset-0&#8243;][vc_empty_space height=&#8221;5px&#8221;][vc_column_text]<\/p>\n<h2>Ice skating and Nordic tour skating<\/h2>\n<p>[\/vc_column_text][vc_column_text]<strong>Ice skating areas<\/strong>: sports field in the city centre, Pellonp\u00e4\u00e4 area, Myllym\u00e4ki area, and ice rinks at the residential areas of H\u00f6mm\u00f6 and Riihim\u00e4ki.<\/p>\n<p>There are also tour skating areas ploughed on the icy lakes in the winter.[\/vc_column_text][vc_empty_space height=&#8221;20px&#8221;][\/vc_column][\/vc_row][vc_row css_animation=&#8221;&#8221; row_type=&#8221;row&#8221; use_row_as_full_screen_section=&#8221;no&#8221; type=&#8221;grid&#8221; angled_section=&#8221;no&#8221; text_align=&#8221;left&#8221; background_image_as_pattern=&#8221;without_pattern&#8221; z_index=&#8221;&#8221; css=&#8221;.vc_custom_1585577617842{padding-top: 3.5% !important;}&#8221;][vc_column width=&#8221;1\/3&#8243; offset=&#8221;vc_col-lg-offset-1&#8243; css=&#8221;.vc_custom_1585280210198{padding-right: 25px !important;}&#8221;][vc_single_image image=&#8221;2604&#8243; img_size=&#8221;full&#8221; onclick=&#8221;link_image&#8221; qode_css_animation=&#8221;element_from_fade&#8221; qode_hover_animation=&#8221;darken&#8221;][vc_empty_space height=&#8221;20px&#8221;][\/vc_column][vc_column width=&#8221;1\/2&#8243; offset=&#8221;vc_col-lg-offset-0 vc_col-md-offset-0 vc_col-sm-offset-0&#8243;][vc_empty_space height=&#8221;5px&#8221;][vc_column_text]<\/p>\n<h2>Snowshoeing<\/h2>\n<p>[\/vc_column_text][vc_column_text]Snowshoeing is fun, easy, and good exercise! You can rent the necessary equipment at the reception.<\/p>\n<p><strong>Price:<br \/>\n10,00\u20ac\/pair of shoes\/4 hours<\/strong><br \/>\n<strong>15,00\u20ac\/pair of shoes\/day<\/strong><\/p>\n<p>including the snowshoes, poles, and initial instructions.<\/p>\n<p>Time: January\u2013March, depending on the snow cover.<\/p>\n<p><strong>Address:<\/strong> Honkiniementie 150, 63700 \u00c4ht\u00e4ri<\/p>\n<p><a href=\"https:\/\/www.honkiniemi.fi\/index.php\/in-english\">Find out more<\/a>[\/vc_column_text][vc_empty_space height=&#8221;20px&#8221;][\/vc_column][\/vc_row][vc_row css_animation=&#8221;&#8221; row_type=&#8221;row&#8221; use_row_as_full_screen_section=&#8221;no&#8221; type=&#8221;grid&#8221; angled_section=&#8221;no&#8221; text_align=&#8221;left&#8221; background_image_as_pattern=&#8221;without_pattern&#8221; z_index=&#8221;&#8221; css=&#8221;.vc_custom_1585577617842{padding-top: 3.5% !important;}&#8221;][vc_column width=&#8221;1\/3&#8243; offset=&#8221;vc_col-lg-offset-1&#8243; css=&#8221;.vc_custom_1585280210198{padding-right: 25px !important;}&#8221;][vc_single_image image=&#8221;1289&#8243; img_size=&#8221;full&#8221; onclick=&#8221;link_image&#8221; qode_css_animation=&#8221;element_from_fade&#8221; qode_hover_animation=&#8221;darken&#8221;][vc_empty_space height=&#8221;25px&#8221;][\/vc_column][vc_column width=&#8221;1\/2&#8243; offset=&#8221;vc_col-lg-offset-0 vc_col-md-offset-0 vc_col-sm-offset-0&#8243;][vc_empty_space height=&#8221;5px&#8221;][vc_column_text]<\/p>\n<h2>Bowling<\/h2>\n<p>[\/vc_column_text][vc_column_text css=&#8221;&#8221;]A brand new 8-lane bowling alley was completed right next to Hotel Mesik\u00e4mmen in the summer of 2019. The building has around 900 m\u00b2 of floor space.<\/p>\n<p>Wellcome!<\/p>\n<p><a href=\"https:\/\/hotellimesikammen.fi\/en\/bowling\/\" target=\"_blank\" rel=\"noopener\">https:\/\/www.hotellimesikammen.fi\/index.php\/fi\/keilahalli<\/a>[\/vc_column_text][vc_empty_space height=&#8221;20px&#8221;][\/vc_column][\/vc_row]<\/p>\n<\/div>","protected":false},"excerpt":{"rendered":"<p>[vc_row css_animation=&#8221;&#8221; row_type=&#8221;row&#8221; use_row_as_full_screen_section=&#8221;no&#8221; type=&#8221;full_width&#8221; angled_section=&#8221;no&#8221; text_align=&#8221;left&#8221; background_image_as_pattern=&#8221;without_pattern&#8221;][vc_column css=&#8221;.vc_custom_1584329305595{margin-top: -26px !important;}&#8221;][\/vc_column][\/vc_row][vc_row css_animation=&#8221;&#8221; row_type=&#8221;row&#8221; use_row_as_full_screen_section=&#8221;no&#8221; type=&#8221;grid&#8221; angled_section=&#8221;no&#8221; text_align=&#8221;center&#8221; background_image_as_pattern=&#8221;without_pattern&#8221; background_color=&#8221;#ffffff&#8221;][vc_column offset=&#8221;vc_col-lg-offset-1 vc_col-lg-10 vc_col-md-offset-0 vc_col-md-12 vc_col-sm-offset-0&#8243; css=&#8221;.vc_custom_1585573237774{padding-top: 4% !important;padding-right: 15% !important;padding-left: 15% !important;}&#8221;][vc_column_text css=&#8221;&#8221;] Winter [\/vc_column_text][vc_empty_space height=&#8221;15px&#8221;][vc_column_text] Experience winter in \u00c4ht\u00e4ri! Relax with your own family or&#8230;<\/p>\n","protected":false},"author":19,"featured_media":0,"parent":0,"menu_order":0,"comment_status":"closed","ping_status":"closed","template":"full_width.php","meta":{"footnotes":""},"class_list":["post-2732","page","type-page","status-publish","hentry"],"yoast_head":"<!-- This site is optimized with the Yoast SEO plugin v27.3 - https:\/\/yoast.com\/product\/yoast-seo-wordpress\/ -->\n<title>Winter - Visit \u00c4ht\u00e4ri<\/title>\n<meta name=\"robots\" content=\"index, follow, max-snippet:-1, max-image-preview:large, max-video-preview:-1\" \/>\n<link rel=\"canonical\" href=\"https:\/\/visitahtari.fi\/en\/winter\/\" \/>\n<meta property=\"og:locale\" content=\"en_US\" \/>\n<meta property=\"og:type\" content=\"article\" \/>\n<meta property=\"og:title\" content=\"Winter - Visit \u00c4ht\u00e4ri\" \/>\n<meta property=\"og:description\" content=\"[vc_row css_animation=&#8221;&#8221; row_type=&#8221;row&#8221; use_row_as_full_screen_section=&#8221;no&#8221; type=&#8221;full_width&#8221; angled_section=&#8221;no&#8221; text_align=&#8221;left&#8221; background_image_as_pattern=&#8221;without_pattern&#8221;][vc_column css=&#8221;.vc_custom_1584329305595{margin-top: -26px !important;}&#8221;][\/vc_column][\/vc_row][vc_row css_animation=&#8221;&#8221; row_type=&#8221;row&#8221; use_row_as_full_screen_section=&#8221;no&#8221; type=&#8221;grid&#8221; angled_section=&#8221;no&#8221; text_align=&#8221;center&#8221; background_image_as_pattern=&#8221;without_pattern&#8221; background_color=&#8221;#ffffff&#8221;][vc_column offset=&#8221;vc_col-lg-offset-1 vc_col-lg-10 vc_col-md-offset-0 vc_col-md-12 vc_col-sm-offset-0&#8243; css=&#8221;.vc_custom_1585573237774{padding-top: 4% !important;padding-right: 15% !important;padding-left: 15% !important;}&#8221;][vc_column_text css=&#8221;&#8221;] Winter [\/vc_column_text][vc_empty_space height=&#8221;15px&#8221;][vc_column_text] Experience winter in \u00c4ht\u00e4ri! Relax with your own family or...\" \/>\n<meta property=\"og:url\" content=\"https:\/\/visitahtari.fi\/en\/winter\/\" \/>\n<meta property=\"og:site_name\" content=\"Visit \u00c4ht\u00e4ri\" \/>\n<meta property=\"article:modified_time\" content=\"2025-06-24T06:44:55+00:00\" \/>\n<meta property=\"og:image\" content=\"https:\/\/visitahtari.fi\/wp-content\/uploads\/2020\/03\/visitahtari-logo-4.png\" \/>\n\t<meta property=\"og:image:width\" content=\"580\" \/>\n\t<meta property=\"og:image:height\" content=\"200\" \/>\n\t<meta property=\"og:image:type\" content=\"image\/png\" \/>\n<meta name=\"twitter:card\" content=\"summary_large_image\" \/>\n<meta name=\"twitter:label1\" content=\"Est. reading time\" \/>\n\t<meta name=\"twitter:data1\" content=\"7 minutes\" \/>\n<script type=\"application\/ld+json\" class=\"yoast-schema-graph\">{\"@context\":\"https:\\\/\\\/schema.org\",\"@graph\":[{\"@type\":\"WebPage\",\"@id\":\"https:\\\/\\\/visitahtari.fi\\\/en\\\/winter\\\/\",\"url\":\"https:\\\/\\\/visitahtari.fi\\\/en\\\/winter\\\/\",\"name\":\"Winter - Visit \u00c4ht\u00e4ri\",\"isPartOf\":{\"@id\":\"https:\\\/\\\/visitahtari.fi\\\/#website\"},\"datePublished\":\"2020-12-10T07:24:13+00:00\",\"dateModified\":\"2025-06-24T06:44:55+00:00\",\"breadcrumb\":{\"@id\":\"https:\\\/\\\/visitahtari.fi\\\/en\\\/winter\\\/#breadcrumb\"},\"inLanguage\":\"en-US\",\"potentialAction\":[{\"@type\":\"ReadAction\",\"target\":[\"https:\\\/\\\/visitahtari.fi\\\/en\\\/winter\\\/\"]}]},{\"@type\":\"BreadcrumbList\",\"@id\":\"https:\\\/\\\/visitahtari.fi\\\/en\\\/winter\\\/#breadcrumb\",\"itemListElement\":[{\"@type\":\"ListItem\",\"position\":1,\"name\":\"Home\",\"item\":\"https:\\\/\\\/visitahtari.fi\\\/en\\\/\"},{\"@type\":\"ListItem\",\"position\":2,\"name\":\"Winter\"}]},{\"@type\":\"WebSite\",\"@id\":\"https:\\\/\\\/visitahtari.fi\\\/#website\",\"url\":\"https:\\\/\\\/visitahtari.fi\\\/\",\"name\":\"Visit \u00c4ht\u00e4ri\",\"description\":\"\",\"publisher\":{\"@id\":\"https:\\\/\\\/visitahtari.fi\\\/#organization\"},\"potentialAction\":[{\"@type\":\"SearchAction\",\"target\":{\"@type\":\"EntryPoint\",\"urlTemplate\":\"https:\\\/\\\/visitahtari.fi\\\/?s={search_term_string}\"},\"query-input\":{\"@type\":\"PropertyValueSpecification\",\"valueRequired\":true,\"valueName\":\"search_term_string\"}}],\"inLanguage\":\"en-US\"},{\"@type\":\"Organization\",\"@id\":\"https:\\\/\\\/visitahtari.fi\\\/#organization\",\"name\":\"Visit \u00c4ht\u00e4ri\",\"url\":\"https:\\\/\\\/visitahtari.fi\\\/\",\"logo\":{\"@type\":\"ImageObject\",\"inLanguage\":\"en-US\",\"@id\":\"https:\\\/\\\/visitahtari.fi\\\/#\\\/schema\\\/logo\\\/image\\\/\",\"url\":\"https:\\\/\\\/visitahtari.fi\\\/wp-content\\\/uploads\\\/2023\\\/01\\\/visitahtari.png\",\"contentUrl\":\"https:\\\/\\\/visitahtari.fi\\\/wp-content\\\/uploads\\\/2023\\\/01\\\/visitahtari.png\",\"width\":1085,\"height\":527,\"caption\":\"Visit \u00c4ht\u00e4ri\"},\"image\":{\"@id\":\"https:\\\/\\\/visitahtari.fi\\\/#\\\/schema\\\/logo\\\/image\\\/\"}}]}<\/script>\n<!-- \/ Yoast SEO plugin. -->","yoast_head_json":{"title":"Winter - Visit \u00c4ht\u00e4ri","robots":{"index":"index","follow":"follow","max-snippet":"max-snippet:-1","max-image-preview":"max-image-preview:large","max-video-preview":"max-video-preview:-1"},"canonical":"https:\/\/visitahtari.fi\/en\/winter\/","og_locale":"en_US","og_type":"article","og_title":"Winter - Visit \u00c4ht\u00e4ri","og_description":"[vc_row css_animation=&#8221;&#8221; row_type=&#8221;row&#8221; use_row_as_full_screen_section=&#8221;no&#8221; type=&#8221;full_width&#8221; angled_section=&#8221;no&#8221; text_align=&#8221;left&#8221; background_image_as_pattern=&#8221;without_pattern&#8221;][vc_column css=&#8221;.vc_custom_1584329305595{margin-top: -26px !important;}&#8221;][\/vc_column][\/vc_row][vc_row css_animation=&#8221;&#8221; row_type=&#8221;row&#8221; use_row_as_full_screen_section=&#8221;no&#8221; type=&#8221;grid&#8221; angled_section=&#8221;no&#8221; text_align=&#8221;center&#8221; background_image_as_pattern=&#8221;without_pattern&#8221; background_color=&#8221;#ffffff&#8221;][vc_column offset=&#8221;vc_col-lg-offset-1 vc_col-lg-10 vc_col-md-offset-0 vc_col-md-12 vc_col-sm-offset-0&#8243; css=&#8221;.vc_custom_1585573237774{padding-top: 4% !important;padding-right: 15% !important;padding-left: 15% !important;}&#8221;][vc_column_text css=&#8221;&#8221;] Winter [\/vc_column_text][vc_empty_space height=&#8221;15px&#8221;][vc_column_text] Experience winter in \u00c4ht\u00e4ri! Relax with your own family or...","og_url":"https:\/\/visitahtari.fi\/en\/winter\/","og_site_name":"Visit \u00c4ht\u00e4ri","article_modified_time":"2025-06-24T06:44:55+00:00","og_image":[{"width":580,"height":200,"url":"https:\/\/visitahtari.fi\/wp-content\/uploads\/2020\/03\/visitahtari-logo-4.png","type":"image\/png"}],"twitter_card":"summary_large_image","twitter_misc":{"Est. reading time":"7 minutes"},"schema":{"@context":"https:\/\/schema.org","@graph":[{"@type":"WebPage","@id":"https:\/\/visitahtari.fi\/en\/winter\/","url":"https:\/\/visitahtari.fi\/en\/winter\/","name":"Winter - Visit \u00c4ht\u00e4ri","isPartOf":{"@id":"https:\/\/visitahtari.fi\/#website"},"datePublished":"2020-12-10T07:24:13+00:00","dateModified":"2025-06-24T06:44:55+00:00","breadcrumb":{"@id":"https:\/\/visitahtari.fi\/en\/winter\/#breadcrumb"},"inLanguage":"en-US","potentialAction":[{"@type":"ReadAction","target":["https:\/\/visitahtari.fi\/en\/winter\/"]}]},{"@type":"BreadcrumbList","@id":"https:\/\/visitahtari.fi\/en\/winter\/#breadcrumb","itemListElement":[{"@type":"ListItem","position":1,"name":"Home","item":"https:\/\/visitahtari.fi\/en\/"},{"@type":"ListItem","position":2,"name":"Winter"}]},{"@type":"WebSite","@id":"https:\/\/visitahtari.fi\/#website","url":"https:\/\/visitahtari.fi\/","name":"Visit \u00c4ht\u00e4ri","description":"","publisher":{"@id":"https:\/\/visitahtari.fi\/#organization"},"potentialAction":[{"@type":"SearchAction","target":{"@type":"EntryPoint","urlTemplate":"https:\/\/visitahtari.fi\/?s={search_term_string}"},"query-input":{"@type":"PropertyValueSpecification","valueRequired":true,"valueName":"search_term_string"}}],"inLanguage":"en-US"},{"@type":"Organization","@id":"https:\/\/visitahtari.fi\/#organization","name":"Visit \u00c4ht\u00e4ri","url":"https:\/\/visitahtari.fi\/","logo":{"@type":"ImageObject","inLanguage":"en-US","@id":"https:\/\/visitahtari.fi\/#\/schema\/logo\/image\/","url":"https:\/\/visitahtari.fi\/wp-content\/uploads\/2023\/01\/visitahtari.png","contentUrl":"https:\/\/visitahtari.fi\/wp-content\/uploads\/2023\/01\/visitahtari.png","width":1085,"height":527,"caption":"Visit \u00c4ht\u00e4ri"},"image":{"@id":"https:\/\/visitahtari.fi\/#\/schema\/logo\/image\/"}}]}},"_links":{"self":[{"href":"https:\/\/visitahtari.fi\/en\/wp-json\/wp\/v2\/pages\/2732","targetHints":{"allow":["GET"]}}],"collection":[{"href":"https:\/\/visitahtari.fi\/en\/wp-json\/wp\/v2\/pages"}],"about":[{"href":"https:\/\/visitahtari.fi\/en\/wp-json\/wp\/v2\/types\/page"}],"author":[{"embeddable":true,"href":"https:\/\/visitahtari.fi\/en\/wp-json\/wp\/v2\/users\/19"}],"replies":[{"embeddable":true,"href":"https:\/\/visitahtari.fi\/en\/wp-json\/wp\/v2\/comments?post=2732"}],"version-history":[{"count":8,"href":"https:\/\/visitahtari.fi\/en\/wp-json\/wp\/v2\/pages\/2732\/revisions"}],"predecessor-version":[{"id":7952,"href":"https:\/\/visitahtari.fi\/en\/wp-json\/wp\/v2\/pages\/2732\/revisions\/7952"}],"wp:attachment":[{"href":"https:\/\/visitahtari.fi\/en\/wp-json\/wp\/v2\/media?parent=2732"}],"curies":[{"name":"wp","href":"https:\/\/api.w.org\/{rel}","templated":true}]}}