{"id":2071,"date":"2020-06-18T23:31:29","date_gmt":"2020-06-18T20:31:29","guid":{"rendered":"https:\/\/visitahtari.fi\/entertainment\/"},"modified":"2023-07-19T13:54:31","modified_gmt":"2023-07-19T10:54:31","slug":"entertainment","status":"publish","type":"page","link":"https:\/\/visitahtari.fi\/en\/entertainment\/","title":{"rendered":"Entertainment"},"content":{"rendered":"<div class=\"wpb-content-wrapper\"><p>[vc_row css_animation=&#8221;&#8221; row_type=&#8221;row&#8221; use_row_as_full_screen_section=&#8221;no&#8221; type=&#8221;full_width&#8221; angled_section=&#8221;no&#8221; text_align=&#8221;left&#8221; background_image_as_pattern=&#8221;without_pattern&#8221;][vc_column]\t\t\t<script src=\"\/\/visitahtari.fi\/wp-content\/plugins\/revslider\/sr6\/assets\/js\/rbtools.min.js?rev=6.7.14\"><\/script>\n\t\t\t<script src=\"\/\/visitahtari.fi\/wp-content\/plugins\/revslider\/sr6\/assets\/js\/rs6.min.js?rev=6.7.14\"><\/script>\n\n\t\t\t<!-- START Entertainment REVOLUTION SLIDER 6.7.14 --><p class=\"rs-p-wp-fix\"><\/p>\n\t\t\t<rs-module-wrap id=\"rev_slider_33_1_wrapper\" data-source=\"gallery\" style=\"visibility:hidden;background:transparent;padding:0;margin:0px auto;margin-top:0;margin-bottom:0;\">\n\t\t\t\t<rs-module id=\"rev_slider_33_1\" style=\"\" data-version=\"6.7.14\">\n\t\t\t\t\t<rs-slides style=\"overflow: hidden; position: absolute;\">\n\t\t\t\t\t\t<rs-slide style=\"position: absolute;\" data-key=\"rs-56\" data-title=\"Slide\" data-anim=\"ms:300;\" data-in=\"x:100%;\">\n\t\t\t\t\t\t\t<img decoding=\"async\" src=\"\/\/visitahtari.fi\/wp-content\/plugins\/revslider\/sr6\/assets\/assets\/dummy.png\" alt=\"\" title=\"Entertainment\" class=\"rev-slidebg tp-rs-img rs-lazyload\" data-lazyload=\"\/\/visitahtari.fi\/wp-content\/uploads\/2021\/04\/keila-4383.jpg\" data-parallax=\"off\" data-panzoom=\"d:8000;ss:100;se:110;\" data-no-retina>\n<!--\n\t\t\t\t\t\t\t--><h2\n\t\t\t\t\t\t\t\tid=\"slider-33-slide-56-layer-1\" \n\t\t\t\t\t\t\t\tclass=\"rs-layer rs-selectable\"\n\t\t\t\t\t\t\t\tdata-type=\"text\"\n\t\t\t\t\t\t\t\tdata-color=\"#ffffff\"\n\t\t\t\t\t\t\t\tdata-rsp_ch=\"on\"\n\t\t\t\t\t\t\t\tdata-xy=\"x:c;y:c;yo:15px;\"\n\t\t\t\t\t\t\t\tdata-text=\"w:normal;s:62;l:62;ls:-1px;fw:700;a:center;\"\n\t\t\t\t\t\t\t\tdata-dim=\"w:600px;\"\n\t\t\t\t\t\t\t\tdata-frame_0=\"tp:600;\"\n\t\t\t\t\t\t\t\tdata-frame_1=\"tp:600;st:9.8956298828125;sR:9.8956298828125;\"\n\t\t\t\t\t\t\t\tdata-frame_999=\"o:0;tp:600;st:w;sR:8690.1049804688;\"\n\t\t\t\t\t\t\t\tstyle=\"z-index:5;font-family:'Josefin Sans';text-shadow:1px 1px 2px rgba(0,0,0,.4);\"\n\t\t\t\t\t\t\t>Entertainment \n\t\t\t\t\t\t\t<\/h2><!--\n-->\t\t\t\t\t<\/rs-slide>\n\t\t\t\t\t<\/rs-slides>\n\t\t\t\t<\/rs-module>\n\t\t\t\t<script>\n\t\t\t\t\tsetREVStartSize({c: 'rev_slider_33_1',rl:[1240,1024,778,480],el:[],gw:[1240],gh:[380],type:'hero',justify:'',layout:'fullwidth',mh:\"0\"});if (window.RS_MODULES!==undefined && window.RS_MODULES.modules!==undefined && window.RS_MODULES.modules[\"revslider331\"]!==undefined) {window.RS_MODULES.modules[\"revslider331\"].once = false;window.revapi33 = undefined;if (window.RS_MODULES.checkMinimal!==undefined) window.RS_MODULES.checkMinimal()}\n\t\t\t\t<\/script>\n\t\t\t<\/rs-module-wrap>\n\t\t\t<!-- END REVOLUTION SLIDER -->\n[\/vc_column][\/vc_row][vc_row css_animation=&#8221;&#8221; row_type=&#8221;row&#8221; use_row_as_full_screen_section=&#8221;no&#8221; type=&#8221;grid&#8221; angled_section=&#8221;no&#8221; text_align=&#8221;center&#8221; background_image_as_pattern=&#8221;without_pattern&#8221; background_color=&#8221;#ffffff&#8221;][vc_column offset=&#8221;vc_col-lg-offset-1 vc_col-lg-10 vc_col-md-offset-0 vc_col-md-12 vc_col-sm-offset-0&#8243; css=&#8221;.vc_custom_1585578221408{padding-top: 4% !important;padding-right: 15% !important;padding-left: 15% !important;}&#8221;][vc_column_text]<\/p>\n<h1 style=\"text-align: center;\">Enjoy \u00c4ht\u00e4ri<\/h1>\n<p>[\/vc_column_text][vc_empty_space height=&#8221;15px&#8221;][vc_column_text]<\/p>\n<h3>\u00c4ht\u00e4ri is a great place to enjoy a movie, hit the nightclub, or visit a dance pavilion in the summer.<\/h3>\n<p>[\/vc_column_text][\/vc_column][\/vc_row][vc_row css_animation=&#8221;&#8221; row_type=&#8221;row&#8221; use_row_as_full_screen_section=&#8221;no&#8221; type=&#8221;grid&#8221; angled_section=&#8221;no&#8221; text_align=&#8221;left&#8221; background_image_as_pattern=&#8221;without_pattern&#8221; z_index=&#8221;&#8221; css=&#8221;.vc_custom_1585577558659{padding-top: 3.5% !important;}&#8221;][vc_column width=&#8221;1\/3&#8243; offset=&#8221;vc_col-lg-offset-1&#8243; css=&#8221;.vc_custom_1585280210198{padding-right: 25px !important;}&#8221;][vc_single_image image=&#8221;1189&#8243; img_size=&#8221;400&#215;300&#8243; onclick=&#8221;link_image&#8221; qode_css_animation=&#8221;element_from_fade&#8221; qode_hover_animation=&#8221;darken&#8221;][vc_empty_space height=&#8221;25px&#8221;][\/vc_column][vc_column width=&#8221;1\/2&#8243; offset=&#8221;vc_col-lg-offset-0 vc_col-md-offset-0 vc_col-sm-offset-0&#8243;][vc_empty_space height=&#8221;5px&#8221;][vc_column_text]<\/p>\n<h2>Mustikkavuori dance pavilion<\/h2>\n<p>[\/vc_column_text][vc_column_text]The nostalgic Mustikkavuori dance pavilion had a record-high number of visitors in the summer of 2019. Finnish top-of-the-line artists got up on the stage, and people danced under the evening sun.<\/p>\n<p>During its history, the pavilion has hosted artists such as:<\/p>\n<p>The Renegades, Olavi Virta, Topi Sorsakoski,Matti ja Teppo, Antti Tammilehto, Seppo Tammilehto,Juhamatti, Eino Gr\u00f6n, T.Purontaka, Kaija Pohjola, Kari Hirvonen, Lauri T\u00e4hk\u00e4.<\/p>\n<p><strong>Address:<\/strong>\u00a0Niemenp\u00e4\u00e4ntie 73, \u00c4ht\u00e4ri<\/p>\n<p><strong>Enquiries:<\/strong>\u00a0045 114 7423, musakunkku@gmail.com<\/p>\n<p><strong>Website:<\/strong>\u00a0<a href=\"http:\/\/%20www.visitahtari.fi\/administrator\">www.musakunkku.com<\/a>[\/vc_column_text][vc_empty_space height=&#8221;20px&#8221;][\/vc_column][\/vc_row][vc_row css_animation=&#8221;&#8221; row_type=&#8221;row&#8221; use_row_as_full_screen_section=&#8221;no&#8221; type=&#8221;grid&#8221; angled_section=&#8221;no&#8221; text_align=&#8221;left&#8221; background_image_as_pattern=&#8221;without_pattern&#8221; background_color=&#8221;#ffffff&#8221; z_index=&#8221;&#8221; css=&#8221;.vc_custom_1585577567315{padding-top: 3.5% !important;}&#8221;][vc_column width=&#8221;1\/3&#8243; offset=&#8221;vc_col-lg-offset-1&#8243; css=&#8221;.vc_custom_1585280210198{padding-right: 25px !important;}&#8221;][vc_single_image image=&#8221;1326&#8243; img_size=&#8221;400&#215;300&#8243; onclick=&#8221;link_image&#8221; qode_css_animation=&#8221;element_from_fade&#8221; qode_hover_animation=&#8221;darken&#8221;][vc_empty_space height=&#8221;25px&#8221;][\/vc_column][vc_column width=&#8221;1\/2&#8243; offset=&#8221;vc_col-lg-offset-0 vc_col-md-offset-0 vc_col-sm-offset-0&#8243;][vc_empty_space height=&#8221;5px&#8221;][vc_column_text]<\/p>\n<h2>SunKino<\/h2>\n<p>[\/vc_column_text][vc_column_text]Thanks to digital HFR-ready 3D equipment, the movie theatre is fully equipped to show a diverse range of the latest movies. Top-quality Dolby Surround 7.1 multi-channel sound is nowadays produced with a Dolby CP750 audio processor, top-notch Yamaha amplifiers, JBL speakers and 18\u2033 subwoofers.\u00a0There are 132 numbered seats in the theatre. The ticket office opens approximately 30 minutes before the movie starts. You can also book tickets in advance on our website. Our kiosk sells warm popcorn and other movie treats.<\/p>\n<p><strong>Address:<\/strong>\u00a0Lukiontie 1, \u00c4ht\u00e4ri<\/p>\n<p><strong>Enquiries:<\/strong>\u00a00400 570 507, info@sunkino.fi<\/p>\n<p><strong>Website:<\/strong>\u00a0<a href=\"http:\/\/www.sunkino.fi\/\" target=\"_blank\" rel=\"noopener noreferrer\">www.sunkino.fi<\/a>[\/vc_column_text][vc_empty_space height=&#8221;20px&#8221;][\/vc_column][\/vc_row][vc_row css_animation=&#8221;&#8221; row_type=&#8221;row&#8221; use_row_as_full_screen_section=&#8221;no&#8221; type=&#8221;grid&#8221; angled_section=&#8221;no&#8221; text_align=&#8221;left&#8221; background_image_as_pattern=&#8221;without_pattern&#8221; background_color=&#8221;#ffffff&#8221; z_index=&#8221;&#8221; css=&#8221;.vc_custom_1585577843756{padding-top: 3.5% !important;}&#8221;][vc_column width=&#8221;1\/3&#8243; offset=&#8221;vc_col-lg-offset-1&#8243; css=&#8221;.vc_custom_1585280210198{padding-right: 25px !important;}&#8221;][vc_single_image image=&#8221;3791&#8243; img_size=&#8221;400&#215;300&#8243; onclick=&#8221;link_image&#8221; qode_css_animation=&#8221;element_from_fade&#8221; qode_hover_animation=&#8221;darken&#8221;][vc_empty_space height=&#8221;25px&#8221;][\/vc_column][vc_column width=&#8221;1\/2&#8243; offset=&#8221;vc_col-lg-offset-0 vc_col-md-offset-0 vc_col-sm-offset-0&#8243;][vc_empty_space height=&#8221;5px&#8221;][vc_column_text]<\/p>\n<h2>Bowling<\/h2>\n<p>[\/vc_column_text][vc_column_text]A brand new 8-lane bowling alley was completed right next to Hotel Mesik\u00e4mmen in the summer of 2019. The building has around 900 m\u00b2 of floor space.<\/p>\n<p>Wellcome!<\/p>\n<p><strong>Address:<\/strong> Karhunkierros 146, \u00c4ht\u00e4ri<\/p>\n<p><strong>Open:<\/strong> Open every day\u00a0 12-22<\/p>\n<p>Shoe rent 1,50\u20ac\/<\/p>\n<p><strong>Website:<\/strong> <a href=\"https:\/\/www.hotellimesikammen.fi\/index.php\/fi\/keilahalli\">https:\/\/www.hotellimesikammen.fi\/index.php\/fi\/keilahalli<\/a>[\/vc_column_text][vc_empty_space height=&#8221;20px&#8221;][\/vc_column][\/vc_row][vc_row css_animation=&#8221;&#8221; row_type=&#8221;row&#8221; use_row_as_full_screen_section=&#8221;no&#8221; type=&#8221;grid&#8221; angled_section=&#8221;no&#8221; text_align=&#8221;left&#8221; background_image_as_pattern=&#8221;without_pattern&#8221; background_color=&#8221;#ffffff&#8221; z_index=&#8221;&#8221; css=&#8221;.vc_custom_1592512478555{padding-top: 3.5% !important;padding-bottom: 4% !important;}&#8221;][vc_column width=&#8221;1\/3&#8243; offset=&#8221;vc_col-lg-offset-1&#8243; css=&#8221;.vc_custom_1585280210198{padding-right: 25px !important;}&#8221;][vc_single_image image=&#8221;1330&#8243; img_size=&#8221;400&#215;300&#8243; onclick=&#8221;link_image&#8221; qode_css_animation=&#8221;element_from_fade&#8221; qode_hover_animation=&#8221;darken&#8221;][vc_empty_space height=&#8221;25px&#8221;][\/vc_column][vc_column width=&#8221;1\/2&#8243; offset=&#8221;vc_col-lg-offset-0 vc_col-md-offset-0 vc_col-sm-offset-0&#8243;][vc_empty_space height=&#8221;5px&#8221;][vc_column_text]<\/p>\n<h2>\u00c4-Klubi<\/h2>\n<p>[\/vc_column_text][vc_column_text]\u00c4-Klubi is a nightclub that provides party people with a modern setting to let loose.<br \/>\n\u00c4-Klubi also hosts Live evenings that are regularly visited by Finnish artists across the board, offering something to everyone.<\/p>\n<p><strong>Address:<\/strong> Karhunkierros 149, 63700 \u00c4ht\u00e4ri<\/p>\n<p><strong>Enquiries:<\/strong> ahtarievents@gmail.com<\/p>\n<p><strong>Website:<\/strong>\u00a0<a href=\"https:\/\/www.hotellimesikammen.fi\/fi\/a-klubi\" target=\"_blank\" rel=\"noopener noreferrer\">https:\/\/www.hotellimesikammen.fi\/fi\/a-klubi<\/a>[\/vc_column_text][vc_empty_space height=&#8221;20px&#8221;][\/vc_column][\/vc_row]<\/p>\n<\/div>","protected":false},"excerpt":{"rendered":"<p>[vc_row css_animation=&#8221;&#8221; row_type=&#8221;row&#8221; use_row_as_full_screen_section=&#8221;no&#8221; type=&#8221;full_width&#8221; angled_section=&#8221;no&#8221; text_align=&#8221;left&#8221; background_image_as_pattern=&#8221;without_pattern&#8221;][vc_column][\/vc_column][\/vc_row][vc_row css_animation=&#8221;&#8221; row_type=&#8221;row&#8221; use_row_as_full_screen_section=&#8221;no&#8221; type=&#8221;grid&#8221; angled_section=&#8221;no&#8221; text_align=&#8221;center&#8221; background_image_as_pattern=&#8221;without_pattern&#8221; background_color=&#8221;#ffffff&#8221;][vc_column offset=&#8221;vc_col-lg-offset-1 vc_col-lg-10 vc_col-md-offset-0 vc_col-md-12 vc_col-sm-offset-0&#8243; css=&#8221;.vc_custom_1585578221408{padding-top: 4% !important;padding-right: 15% !important;padding-left: 15% !important;}&#8221;][vc_column_text] Enjoy \u00c4ht\u00e4ri [\/vc_column_text][vc_empty_space height=&#8221;15px&#8221;][vc_column_text] \u00c4ht\u00e4ri is a great place to enjoy a movie, hit the nightclub, or&#8230;<\/p>\n","protected":false},"author":10,"featured_media":0,"parent":0,"menu_order":0,"comment_status":"closed","ping_status":"closed","template":"full_width.php","meta":{"footnotes":""},"class_list":["post-2071","page","type-page","status-publish","hentry"],"yoast_head":"<!-- This site is optimized with the Yoast SEO plugin v27.3 - https:\/\/yoast.com\/product\/yoast-seo-wordpress\/ -->\n<title>Entertainment - Visit \u00c4ht\u00e4ri<\/title>\n<meta name=\"robots\" content=\"index, follow, max-snippet:-1, max-image-preview:large, max-video-preview:-1\" \/>\n<link rel=\"canonical\" href=\"https:\/\/visitahtari.fi\/en\/entertainment\/\" \/>\n<meta property=\"og:locale\" content=\"en_US\" \/>\n<meta property=\"og:type\" content=\"article\" \/>\n<meta property=\"og:title\" content=\"Entertainment - Visit \u00c4ht\u00e4ri\" \/>\n<meta property=\"og:description\" content=\"[vc_row css_animation=&#8221;&#8221; row_type=&#8221;row&#8221; use_row_as_full_screen_section=&#8221;no&#8221; type=&#8221;full_width&#8221; angled_section=&#8221;no&#8221; text_align=&#8221;left&#8221; background_image_as_pattern=&#8221;without_pattern&#8221;][vc_column][\/vc_column][\/vc_row][vc_row css_animation=&#8221;&#8221; row_type=&#8221;row&#8221; use_row_as_full_screen_section=&#8221;no&#8221; type=&#8221;grid&#8221; angled_section=&#8221;no&#8221; text_align=&#8221;center&#8221; background_image_as_pattern=&#8221;without_pattern&#8221; background_color=&#8221;#ffffff&#8221;][vc_column offset=&#8221;vc_col-lg-offset-1 vc_col-lg-10 vc_col-md-offset-0 vc_col-md-12 vc_col-sm-offset-0&#8243; css=&#8221;.vc_custom_1585578221408{padding-top: 4% !important;padding-right: 15% !important;padding-left: 15% !important;}&#8221;][vc_column_text] Enjoy \u00c4ht\u00e4ri [\/vc_column_text][vc_empty_space height=&#8221;15px&#8221;][vc_column_text] \u00c4ht\u00e4ri is a great place to enjoy a movie, hit the nightclub, or...\" \/>\n<meta property=\"og:url\" content=\"https:\/\/visitahtari.fi\/en\/entertainment\/\" \/>\n<meta property=\"og:site_name\" content=\"Visit \u00c4ht\u00e4ri\" \/>\n<meta property=\"article:modified_time\" content=\"2023-07-19T10:54:31+00:00\" \/>\n<meta property=\"og:image\" content=\"https:\/\/visitahtari.fi\/wp-content\/uploads\/2020\/03\/visitahtari-logo-4.png\" \/>\n\t<meta property=\"og:image:width\" content=\"580\" \/>\n\t<meta property=\"og:image:height\" content=\"200\" \/>\n\t<meta property=\"og:image:type\" content=\"image\/png\" \/>\n<meta name=\"twitter:card\" content=\"summary_large_image\" \/>\n<meta name=\"twitter:label1\" content=\"Est. reading time\" \/>\n\t<meta name=\"twitter:data1\" content=\"3 minutes\" \/>\n<script type=\"application\/ld+json\" class=\"yoast-schema-graph\">{\"@context\":\"https:\\\/\\\/schema.org\",\"@graph\":[{\"@type\":\"WebPage\",\"@id\":\"https:\\\/\\\/visitahtari.fi\\\/en\\\/entertainment\\\/\",\"url\":\"https:\\\/\\\/visitahtari.fi\\\/en\\\/entertainment\\\/\",\"name\":\"Entertainment - Visit \u00c4ht\u00e4ri\",\"isPartOf\":{\"@id\":\"https:\\\/\\\/visitahtari.fi\\\/#website\"},\"datePublished\":\"2020-06-18T20:31:29+00:00\",\"dateModified\":\"2023-07-19T10:54:31+00:00\",\"breadcrumb\":{\"@id\":\"https:\\\/\\\/visitahtari.fi\\\/en\\\/entertainment\\\/#breadcrumb\"},\"inLanguage\":\"en-US\",\"potentialAction\":[{\"@type\":\"ReadAction\",\"target\":[\"https:\\\/\\\/visitahtari.fi\\\/en\\\/entertainment\\\/\"]}]},{\"@type\":\"BreadcrumbList\",\"@id\":\"https:\\\/\\\/visitahtari.fi\\\/en\\\/entertainment\\\/#breadcrumb\",\"itemListElement\":[{\"@type\":\"ListItem\",\"position\":1,\"name\":\"Home\",\"item\":\"https:\\\/\\\/visitahtari.fi\\\/en\\\/\"},{\"@type\":\"ListItem\",\"position\":2,\"name\":\"Entertainment\"}]},{\"@type\":\"WebSite\",\"@id\":\"https:\\\/\\\/visitahtari.fi\\\/#website\",\"url\":\"https:\\\/\\\/visitahtari.fi\\\/\",\"name\":\"Visit \u00c4ht\u00e4ri\",\"description\":\"\",\"publisher\":{\"@id\":\"https:\\\/\\\/visitahtari.fi\\\/#organization\"},\"potentialAction\":[{\"@type\":\"SearchAction\",\"target\":{\"@type\":\"EntryPoint\",\"urlTemplate\":\"https:\\\/\\\/visitahtari.fi\\\/?s={search_term_string}\"},\"query-input\":{\"@type\":\"PropertyValueSpecification\",\"valueRequired\":true,\"valueName\":\"search_term_string\"}}],\"inLanguage\":\"en-US\"},{\"@type\":\"Organization\",\"@id\":\"https:\\\/\\\/visitahtari.fi\\\/#organization\",\"name\":\"Visit \u00c4ht\u00e4ri\",\"url\":\"https:\\\/\\\/visitahtari.fi\\\/\",\"logo\":{\"@type\":\"ImageObject\",\"inLanguage\":\"en-US\",\"@id\":\"https:\\\/\\\/visitahtari.fi\\\/#\\\/schema\\\/logo\\\/image\\\/\",\"url\":\"https:\\\/\\\/visitahtari.fi\\\/wp-content\\\/uploads\\\/2023\\\/01\\\/visitahtari.png\",\"contentUrl\":\"https:\\\/\\\/visitahtari.fi\\\/wp-content\\\/uploads\\\/2023\\\/01\\\/visitahtari.png\",\"width\":1085,\"height\":527,\"caption\":\"Visit \u00c4ht\u00e4ri\"},\"image\":{\"@id\":\"https:\\\/\\\/visitahtari.fi\\\/#\\\/schema\\\/logo\\\/image\\\/\"}}]}<\/script>\n<!-- \/ Yoast SEO plugin. -->","yoast_head_json":{"title":"Entertainment - Visit \u00c4ht\u00e4ri","robots":{"index":"index","follow":"follow","max-snippet":"max-snippet:-1","max-image-preview":"max-image-preview:large","max-video-preview":"max-video-preview:-1"},"canonical":"https:\/\/visitahtari.fi\/en\/entertainment\/","og_locale":"en_US","og_type":"article","og_title":"Entertainment - Visit \u00c4ht\u00e4ri","og_description":"[vc_row css_animation=&#8221;&#8221; row_type=&#8221;row&#8221; use_row_as_full_screen_section=&#8221;no&#8221; type=&#8221;full_width&#8221; angled_section=&#8221;no&#8221; text_align=&#8221;left&#8221; background_image_as_pattern=&#8221;without_pattern&#8221;][vc_column][\/vc_column][\/vc_row][vc_row css_animation=&#8221;&#8221; row_type=&#8221;row&#8221; use_row_as_full_screen_section=&#8221;no&#8221; type=&#8221;grid&#8221; angled_section=&#8221;no&#8221; text_align=&#8221;center&#8221; background_image_as_pattern=&#8221;without_pattern&#8221; background_color=&#8221;#ffffff&#8221;][vc_column offset=&#8221;vc_col-lg-offset-1 vc_col-lg-10 vc_col-md-offset-0 vc_col-md-12 vc_col-sm-offset-0&#8243; css=&#8221;.vc_custom_1585578221408{padding-top: 4% !important;padding-right: 15% !important;padding-left: 15% !important;}&#8221;][vc_column_text] Enjoy \u00c4ht\u00e4ri [\/vc_column_text][vc_empty_space height=&#8221;15px&#8221;][vc_column_text] \u00c4ht\u00e4ri is a great place to enjoy a movie, hit the nightclub, or...","og_url":"https:\/\/visitahtari.fi\/en\/entertainment\/","og_site_name":"Visit \u00c4ht\u00e4ri","article_modified_time":"2023-07-19T10:54:31+00:00","og_image":[{"width":580,"height":200,"url":"https:\/\/visitahtari.fi\/wp-content\/uploads\/2020\/03\/visitahtari-logo-4.png","type":"image\/png"}],"twitter_card":"summary_large_image","twitter_misc":{"Est. reading time":"3 minutes"},"schema":{"@context":"https:\/\/schema.org","@graph":[{"@type":"WebPage","@id":"https:\/\/visitahtari.fi\/en\/entertainment\/","url":"https:\/\/visitahtari.fi\/en\/entertainment\/","name":"Entertainment - Visit \u00c4ht\u00e4ri","isPartOf":{"@id":"https:\/\/visitahtari.fi\/#website"},"datePublished":"2020-06-18T20:31:29+00:00","dateModified":"2023-07-19T10:54:31+00:00","breadcrumb":{"@id":"https:\/\/visitahtari.fi\/en\/entertainment\/#breadcrumb"},"inLanguage":"en-US","potentialAction":[{"@type":"ReadAction","target":["https:\/\/visitahtari.fi\/en\/entertainment\/"]}]},{"@type":"BreadcrumbList","@id":"https:\/\/visitahtari.fi\/en\/entertainment\/#breadcrumb","itemListElement":[{"@type":"ListItem","position":1,"name":"Home","item":"https:\/\/visitahtari.fi\/en\/"},{"@type":"ListItem","position":2,"name":"Entertainment"}]},{"@type":"WebSite","@id":"https:\/\/visitahtari.fi\/#website","url":"https:\/\/visitahtari.fi\/","name":"Visit \u00c4ht\u00e4ri","description":"","publisher":{"@id":"https:\/\/visitahtari.fi\/#organization"},"potentialAction":[{"@type":"SearchAction","target":{"@type":"EntryPoint","urlTemplate":"https:\/\/visitahtari.fi\/?s={search_term_string}"},"query-input":{"@type":"PropertyValueSpecification","valueRequired":true,"valueName":"search_term_string"}}],"inLanguage":"en-US"},{"@type":"Organization","@id":"https:\/\/visitahtari.fi\/#organization","name":"Visit \u00c4ht\u00e4ri","url":"https:\/\/visitahtari.fi\/","logo":{"@type":"ImageObject","inLanguage":"en-US","@id":"https:\/\/visitahtari.fi\/#\/schema\/logo\/image\/","url":"https:\/\/visitahtari.fi\/wp-content\/uploads\/2023\/01\/visitahtari.png","contentUrl":"https:\/\/visitahtari.fi\/wp-content\/uploads\/2023\/01\/visitahtari.png","width":1085,"height":527,"caption":"Visit \u00c4ht\u00e4ri"},"image":{"@id":"https:\/\/visitahtari.fi\/#\/schema\/logo\/image\/"}}]}},"_links":{"self":[{"href":"https:\/\/visitahtari.fi\/en\/wp-json\/wp\/v2\/pages\/2071","targetHints":{"allow":["GET"]}}],"collection":[{"href":"https:\/\/visitahtari.fi\/en\/wp-json\/wp\/v2\/pages"}],"about":[{"href":"https:\/\/visitahtari.fi\/en\/wp-json\/wp\/v2\/types\/page"}],"author":[{"embeddable":true,"href":"https:\/\/visitahtari.fi\/en\/wp-json\/wp\/v2\/users\/10"}],"replies":[{"embeddable":true,"href":"https:\/\/visitahtari.fi\/en\/wp-json\/wp\/v2\/comments?post=2071"}],"version-history":[{"count":9,"href":"https:\/\/visitahtari.fi\/en\/wp-json\/wp\/v2\/pages\/2071\/revisions"}],"predecessor-version":[{"id":6796,"href":"https:\/\/visitahtari.fi\/en\/wp-json\/wp\/v2\/pages\/2071\/revisions\/6796"}],"wp:attachment":[{"href":"https:\/\/visitahtari.fi\/en\/wp-json\/wp\/v2\/media?parent=2071"}],"curies":[{"name":"wp","href":"https:\/\/api.w.org\/{rel}","templated":true}]}}